{"id":190,"date":"2020-01-14T05:56:11","date_gmt":"2020-01-14T05:56:11","guid":{"rendered":"http:\/\/sbpregnancychoices.com\/?page_id=190"},"modified":"2020-01-14T05:56:11","modified_gmt":"2020-01-14T05:56:11","slug":"servicios","status":"publish","type":"page","link":"https:\/\/lifechoicepc.com\/es\/servicios\/","title":{"rendered":"Servicios"},"content":{"rendered":"<h3><b>\u00a1Todos nuestros servicios son gratis y confidenciales!<\/b><\/h3>\n<h4><b>EST\u00c1S PENSANDO\u2026<\/b><\/h4>\n<ul>\n<li style=\"font-weight: 400;\"><span style=\"font-weight: 400;\">\u00bfQue voy a hacer?<\/span><\/li>\n<li style=\"font-weight: 400;\"><span style=\"font-weight: 400;\">\u00bfC\u00f3mo deber\u00eda decirle a mi familia?<\/span><\/li>\n<li style=\"font-weight: 400;\"><span style=\"font-weight: 400;\">\u00bfPuedo continuar en la escuela?<\/span><\/li>\n<li style=\"font-weight: 400;\"><span style=\"font-weight: 400;\">\u00bfPuedo mantener mi trabajo?<\/span><\/li>\n<li style=\"font-weight: 400;\"><span style=\"font-weight: 400;\">\u00bfD\u00f3nde puedo obtener buena atenci\u00f3n m\u00e9dica?<\/span><\/li>\n<li style=\"font-weight: 400;\"><span style=\"font-weight: 400;\">\u00bfQu\u00e9 pasa con las finanzas?<\/span><\/li>\n<li style=\"font-weight: 400;\"><span style=\"font-weight: 400;\">\u00bfEl matrimonio es la soluci\u00f3n?<\/span><\/li>\n<li style=\"font-weight: 400;\"><span style=\"font-weight: 400;\">\u00bfDonde vivire?<\/span><\/li>\n<\/ul>\n<h4><b>QUIEN AYUDARA SI \u2026<\/b><\/h4>\n<ul>\n<li style=\"font-weight: 400;\"><span style=\"font-weight: 400;\">Est\u00e1s embarazada y tu primer pensamiento es: \u201c\u00a1No, no yo! \u00a1Oh, por favor, no yo!<\/span><\/li>\n<li style=\"font-weight: 400;\"><span style=\"font-weight: 400;\">Est\u00e1s asustada &#8230; resentida &#8230; enojada.<\/span><\/li>\n<li style=\"font-weight: 400;\"><span style=\"font-weight: 400;\">Te sientes enferma y nerviosa.<\/span><\/li>\n<li style=\"font-weight: 400;\"><span style=\"font-weight: 400;\">Todo tu mundo est\u00e1 cambiando y no quieres enfrentarlo.<\/span><\/li>\n<li style=\"font-weight: 400;\"><span style=\"font-weight: 400;\">Quieres que sea ayer otra vez.<\/span><\/li>\n<\/ul>\n<h4><b>\u00a1NOSOTROS AYUDAREMOS!<\/b><\/h4>\n<h3><b>Lo que podemos hacer por usted:<\/b><\/h3>\n<h4><b>HOY:<\/b><\/h4>\n<ul>\n<li style=\"font-weight: 400;\"><span style=\"font-weight: 400;\">Prueba de embarazo GRATIS<\/span><\/li>\n<li style=\"font-weight: 400;\"><span style=\"font-weight: 400;\">Ofrecer alternativas al aborto.<\/span><\/li>\n<li style=\"font-weight: 400;\"><span style=\"font-weight: 400;\">Ultrasonido GRATIS sin-diagn\u00f3stico (para clientes calificados)<\/span><\/li>\n<li style=\"font-weight: 400;\"><span style=\"font-weight: 400;\">Estar contigo cuando hables con tu novio, esposo o padres<\/span><\/li>\n<li style=\"font-weight: 400;\"><span style=\"font-weight: 400;\">Consulta de relaci\u00f3n<\/span><\/li>\n<li style=\"font-weight: 400;\"><span style=\"font-weight: 400;\">Brindarle informaci\u00f3n sobre la atenci\u00f3n m\u00e9dica.<\/span><\/li>\n<li style=\"font-weight: 400;\"><span style=\"font-weight: 400;\">Mostrar c\u00f3mo se puede continuar en la escuela o en el trabajo<\/span><\/li>\n<li style=\"font-weight: 400;\"><span style=\"font-weight: 400;\">Dar informaci\u00f3n sobre las casas de maternidad.<\/span><\/li>\n<li style=\"font-weight: 400;\"><span style=\"font-weight: 400;\">Explique el proceso de ayuda financiera y apoyarla mientras solicita ayuda.<\/span><\/li>\n<li style=\"font-weight: 400;\"><span style=\"font-weight: 400;\">Darle referencias a recursos de la comunidad.<\/span><\/li>\n<li style=\"font-weight: 400;\"><span style=\"font-weight: 400;\">Ayuda y orientaci\u00f3n en todas las \u00e1reas relacionadas.<\/span><\/li>\n<\/ul>\n<h4><b>Y DESPU\u00c9S EN\u2026<\/b><\/h4>\n<ul>\n<li style=\"font-weight: 400;\"><span style=\"font-weight: 400;\">Mentor\u00eda y orientaci\u00f3n personal continua<\/span><\/li>\n<li style=\"font-weight: 400;\"><span style=\"font-weight: 400;\">Consultas de relaci\u00f3n<\/span><\/li>\n<li style=\"font-weight: 400;\"><span style=\"font-weight: 400;\">Ofrecer un cambio de estilo de vida y apoyarlo mientras realiza esos cambios<\/span><\/li>\n<li style=\"font-weight: 400;\"><span style=\"font-weight: 400;\">Apoyo prenatal y postnatal.<\/span><\/li>\n<li style=\"font-weight: 400;\"><span style=\"font-weight: 400;\">Ropa de maternidad (seg\u00fan disponibilidad)<\/span><\/li>\n<li style=\"font-weight: 400;\"><span style=\"font-weight: 400;\">Cosas de beb\u00e9 (seg\u00fan disponibilidad)<\/span><\/li>\n<li style=\"font-weight: 400;\"><span style=\"font-weight: 400;\">Referencia para informaci\u00f3n de la adopci\u00f3n<\/span><\/li>\n<li style=\"font-weight: 400;\"><span style=\"font-weight: 400;\">Orientaci\u00f3n mientras planifica el futuro para usted y su beb\u00e9<\/span><\/li>\n<li style=\"font-weight: 400;\"><span style=\"font-weight: 400;\">Ayuda para desarrollar \u00e1reas de responsabilidad.<\/span><\/li>\n<\/ul>\n<h4><b>ALCANCE LA VIDA\u2026<\/b><\/h4>\n<ul>\n<li style=\"font-weight: 400;\"><span style=\"font-weight: 400;\">Usted y su beb\u00e9 son importantes seres humanos valiosos con derechos b\u00e1sicos y necesidades individuales.<\/span><\/li>\n<li style=\"font-weight: 400;\"><span style=\"font-weight: 400;\">Nos preocupamos por USTED. Sabemos que enfrenta el mayor desaf\u00edo personal de su vida. \u00a1NO TIENES QUE HACER ESTO SOLA!<\/span><\/li>\n<li style=\"font-weight: 400;\"><span style=\"font-weight: 400;\">Contamos con defensores atentos y capacitados.<\/span><\/li>\n<li style=\"font-weight: 400;\"><span style=\"font-weight: 400;\">Su vida puede cambiar, pero no tiene que terminar.<\/span><\/li>\n<li style=\"font-weight: 400;\"><span style=\"font-weight: 400;\">Todos los servicios son confidenciales.<\/span><\/li>\n<li style=\"font-weight: 400;\"><span style=\"font-weight: 400;\">Sin juicios, sin condiciones, SOLO AYUDA.<\/span><\/li>\n<\/ul>\n<h4><b>\u00a1No se necesitan citas! \u00a1Ven o llama y deje que le ayudemos!<\/b><\/h4>","protected":false},"excerpt":{"rendered":"<p>\u00a1Todos nuestros servicios son gratis y confidenciales! EST\u00c1S PENSANDO\u2026 \u00bfQue voy a hacer? \u00bfC\u00f3mo deber\u00eda decirle a mi familia? \u00bfPuedo continuar en la escuela? \u00bfPuedo mantener mi trabajo? \u00bfD\u00f3nde puedo obtener buena atenci\u00f3n m\u00e9dica? \u00bfQu\u00e9 pasa con las finanzas? \u00bfEl matrimonio es la soluci\u00f3n? \u00bfDonde vivire? QUIEN AYUDARA SI \u2026 Est\u00e1s embarazada y tu primer [&hellip;]<\/p>","protected":false},"author":8,"featured_media":0,"parent":0,"menu_order":0,"comment_status":"closed","ping_status":"closed","template":"template-custom.php","meta":{"_acf_changed":false,"footnotes":""},"acf":[],"yoast_head":"<!-- This site is optimized with the Yoast SEO plugin v20.10 - https:\/\/yoast.com\/wordpress\/plugins\/seo\/ -->\n<title>Servicios - Life Choice Pregnancy Center<\/title>\n<meta name=\"robots\" content=\"index, follow, max-snippet:-1, max-image-preview:large, max-video-preview:-1\" \/>\n<link rel=\"canonical\" href=\"https:\/\/lifechoicepc.com\/es\/servicios\/\" \/>\n<meta property=\"og:locale\" content=\"es_MX\" \/>\n<meta property=\"og:type\" content=\"article\" \/>\n<meta property=\"og:title\" content=\"Servicios - Life Choice Pregnancy Center\" \/>\n<meta property=\"og:description\" content=\"\u00a1Todos nuestros servicios son gratis y confidenciales! EST\u00c1S PENSANDO\u2026 \u00bfQue voy a hacer? \u00bfC\u00f3mo deber\u00eda decirle a mi familia? \u00bfPuedo continuar en la escuela? \u00bfPuedo mantener mi trabajo? \u00bfD\u00f3nde puedo obtener buena atenci\u00f3n m\u00e9dica? \u00bfQu\u00e9 pasa con las finanzas? \u00bfEl matrimonio es la soluci\u00f3n? \u00bfDonde vivire? QUIEN AYUDARA SI \u2026 Est\u00e1s embarazada y tu primer [&hellip;]\" \/>\n<meta property=\"og:url\" content=\"https:\/\/lifechoicepc.com\/es\/servicios\/\" \/>\n<meta property=\"og:site_name\" content=\"Life Choice Pregnancy Center\" \/>\n<meta name=\"twitter:card\" content=\"summary_large_image\" \/>\n<script type=\"application\/ld+json\" class=\"yoast-schema-graph\">{\"@context\":\"https:\/\/schema.org\",\"@graph\":[{\"@type\":\"WebPage\",\"@id\":\"https:\/\/lifechoicepc.com\/es\/servicios\/\",\"url\":\"https:\/\/lifechoicepc.com\/es\/servicios\/\",\"name\":\"Servicios - Life Choice Pregnancy Center\",\"isPartOf\":{\"@id\":\"https:\/\/lifechoicepc.com\/es\/#website\"},\"datePublished\":\"2020-01-14T05:56:11+00:00\",\"dateModified\":\"2020-01-14T05:56:11+00:00\",\"breadcrumb\":{\"@id\":\"https:\/\/lifechoicepc.com\/es\/servicios\/#breadcrumb\"},\"inLanguage\":\"es-MX\",\"potentialAction\":[{\"@type\":\"ReadAction\",\"target\":[\"https:\/\/lifechoicepc.com\/es\/servicios\/\"]}]},{\"@type\":\"BreadcrumbList\",\"@id\":\"https:\/\/lifechoicepc.com\/es\/servicios\/#breadcrumb\",\"itemListElement\":[{\"@type\":\"ListItem\",\"position\":1,\"name\":\"Home\",\"item\":\"https:\/\/lifechoicepc.com\/es\/inicio\/\"},{\"@type\":\"ListItem\",\"position\":2,\"name\":\"Servicios\"}]},{\"@type\":\"WebSite\",\"@id\":\"https:\/\/lifechoicepc.com\/es\/#website\",\"url\":\"https:\/\/lifechoicepc.com\/es\/\",\"name\":\"Pregnancy &amp; Family Resource Center\",\"description\":\"Your Life. Your Choice. We will help.\",\"publisher\":{\"@id\":\"https:\/\/lifechoicepc.com\/es\/#organization\"},\"potentialAction\":[{\"@type\":\"SearchAction\",\"target\":{\"@type\":\"EntryPoint\",\"urlTemplate\":\"https:\/\/lifechoicepc.com\/es\/?s={search_term_string}\"},\"query-input\":\"required name=search_term_string\"}],\"inLanguage\":\"es-MX\"},{\"@type\":\"Organization\",\"@id\":\"https:\/\/lifechoicepc.com\/es\/#organization\",\"name\":\"San Bernardino Pregnancy & Family Resource Center\",\"url\":\"https:\/\/lifechoicepc.com\/es\/\",\"logo\":{\"@type\":\"ImageObject\",\"inLanguage\":\"es-MX\",\"@id\":\"https:\/\/lifechoicepc.com\/es\/#\/schema\/logo\/image\/\",\"url\":\"https:\/\/lifechoicepc.com\/wp-content\/uploads\/2023\/06\/cropped-LCPC-logo-horz-sm.png\",\"contentUrl\":\"https:\/\/lifechoicepc.com\/wp-content\/uploads\/2023\/06\/cropped-LCPC-logo-horz-sm.png\",\"width\":2793,\"height\":898,\"caption\":\"San Bernardino Pregnancy & Family Resource Center\"},\"image\":{\"@id\":\"https:\/\/lifechoicepc.com\/es\/#\/schema\/logo\/image\/\"}}]}<\/script>\n<!-- \/ Yoast SEO plugin. -->","yoast_head_json":{"title":"Servicios - Life Choice Pregnancy Center","robots":{"index":"index","follow":"follow","max-snippet":"max-snippet:-1","max-image-preview":"max-image-preview:large","max-video-preview":"max-video-preview:-1"},"canonical":"https:\/\/lifechoicepc.com\/es\/servicios\/","og_locale":"es_MX","og_type":"article","og_title":"Servicios - Life Choice Pregnancy Center","og_description":"\u00a1Todos nuestros servicios son gratis y confidenciales! EST\u00c1S PENSANDO\u2026 \u00bfQue voy a hacer? \u00bfC\u00f3mo deber\u00eda decirle a mi familia? \u00bfPuedo continuar en la escuela? \u00bfPuedo mantener mi trabajo? \u00bfD\u00f3nde puedo obtener buena atenci\u00f3n m\u00e9dica? \u00bfQu\u00e9 pasa con las finanzas? \u00bfEl matrimonio es la soluci\u00f3n? \u00bfDonde vivire? QUIEN AYUDARA SI \u2026 Est\u00e1s embarazada y tu primer [&hellip;]","og_url":"https:\/\/lifechoicepc.com\/es\/servicios\/","og_site_name":"Life Choice Pregnancy Center","twitter_card":"summary_large_image","schema":{"@context":"https:\/\/schema.org","@graph":[{"@type":"WebPage","@id":"https:\/\/lifechoicepc.com\/es\/servicios\/","url":"https:\/\/lifechoicepc.com\/es\/servicios\/","name":"Servicios - Life Choice Pregnancy Center","isPartOf":{"@id":"https:\/\/lifechoicepc.com\/es\/#website"},"datePublished":"2020-01-14T05:56:11+00:00","dateModified":"2020-01-14T05:56:11+00:00","breadcrumb":{"@id":"https:\/\/lifechoicepc.com\/es\/servicios\/#breadcrumb"},"inLanguage":"es-MX","potentialAction":[{"@type":"ReadAction","target":["https:\/\/lifechoicepc.com\/es\/servicios\/"]}]},{"@type":"BreadcrumbList","@id":"https:\/\/lifechoicepc.com\/es\/servicios\/#breadcrumb","itemListElement":[{"@type":"ListItem","position":1,"name":"Home","item":"https:\/\/lifechoicepc.com\/es\/inicio\/"},{"@type":"ListItem","position":2,"name":"Servicios"}]},{"@type":"WebSite","@id":"https:\/\/lifechoicepc.com\/es\/#website","url":"https:\/\/lifechoicepc.com\/es\/","name":"Pregnancy &amp; Family Resource Center","description":"Your Life. Your Choice. We will help.","publisher":{"@id":"https:\/\/lifechoicepc.com\/es\/#organization"},"potentialAction":[{"@type":"SearchAction","target":{"@type":"EntryPoint","urlTemplate":"https:\/\/lifechoicepc.com\/es\/?s={search_term_string}"},"query-input":"required name=search_term_string"}],"inLanguage":"es-MX"},{"@type":"Organization","@id":"https:\/\/lifechoicepc.com\/es\/#organization","name":"San Bernardino Pregnancy & Family Resource Center","url":"https:\/\/lifechoicepc.com\/es\/","logo":{"@type":"ImageObject","inLanguage":"es-MX","@id":"https:\/\/lifechoicepc.com\/es\/#\/schema\/logo\/image\/","url":"https:\/\/lifechoicepc.com\/wp-content\/uploads\/2023\/06\/cropped-LCPC-logo-horz-sm.png","contentUrl":"https:\/\/lifechoicepc.com\/wp-content\/uploads\/2023\/06\/cropped-LCPC-logo-horz-sm.png","width":2793,"height":898,"caption":"San Bernardino Pregnancy & Family Resource Center"},"image":{"@id":"https:\/\/lifechoicepc.com\/es\/#\/schema\/logo\/image\/"}}]}},"_links":{"self":[{"href":"https:\/\/lifechoicepc.com\/es\/wp-json\/wp\/v2\/pages\/190"}],"collection":[{"href":"https:\/\/lifechoicepc.com\/es\/wp-json\/wp\/v2\/pages"}],"about":[{"href":"https:\/\/lifechoicepc.com\/es\/wp-json\/wp\/v2\/types\/page"}],"author":[{"embeddable":true,"href":"https:\/\/lifechoicepc.com\/es\/wp-json\/wp\/v2\/users\/8"}],"replies":[{"embeddable":true,"href":"https:\/\/lifechoicepc.com\/es\/wp-json\/wp\/v2\/comments?post=190"}],"version-history":[{"count":1,"href":"https:\/\/lifechoicepc.com\/es\/wp-json\/wp\/v2\/pages\/190\/revisions"}],"predecessor-version":[{"id":191,"href":"https:\/\/lifechoicepc.com\/es\/wp-json\/wp\/v2\/pages\/190\/revisions\/191"}],"wp:attachment":[{"href":"https:\/\/lifechoicepc.com\/es\/wp-json\/wp\/v2\/media?parent=190"}],"curies":[{"name":"wp","href":"https:\/\/api.w.org\/{rel}","templated":true}]}}