{"id":194,"date":"2020-01-14T06:27:31","date_gmt":"2020-01-14T06:27:31","guid":{"rendered":"http:\/\/sbpregnancychoices.com\/?page_id=194"},"modified":"2020-09-11T03:21:11","modified_gmt":"2020-09-11T03:21:11","slug":"asistencia-de-bienes-materiales","status":"publish","type":"page","link":"https:\/\/lifechoicepc.com\/es\/servicios\/asistencia-de-bienes-materiales\/","title":{"rendered":"Asistencia de Bienes Materiales"},"content":{"rendered":"<h4><b>Sobre Nosotros<\/b><\/h4>\n<p><span style=\"font-weight: 400;\">El Centro de Recursos de Embarazo y Familia de San Bernardino es un ministerio centrado en Cristo dedicada al cuidado de las mujeres y familias con cuestiones relacionadas con el embarazo d\u00e1ndoles recursos afirmando su vida y apoyo f\u00edsico, emocional y espiritual. Trabajamos totalmente de donativos de organizaciones, iglesias e individuos en la comunidad. Somos independiente, apol\u00edtica y no sectaria. Ofrecemos ayuda sin importar estado civil, edad, raza o religi\u00f3n.\u00a0<\/span><\/p>\n<p><span style=\"font-weight: 400;\">Todos los servicios son gratis y confidenciales. Ofrecemos: pruebas de embarazo gratis, remisi\u00f3n de Recursos gratis, literatura gratis hecha para ayudarle a tomar una decisi\u00f3n informada y educada con respecto a su embarazo, biblioteca que presta literatura, * ropa de maternidad gratis, * canastilla gratis, * ropa de beb\u00e9, pa\u00f1ales, toallitas, etc. gratis, ayudaa gratis por s\u00edndrome de aborto de poste (P.A.S.), remisi\u00f3n de informaci\u00f3n para adopci\u00f3n gratis, orientaci\u00f3n Prenatal y postnatal y apoyo gratis.<\/span><\/p>\n<p><span style=\"font-weight: 400;\">*estos tres se obtienen con los puntos acumulados<\/span><\/p>\n<hr \/>\n<h4><b>Nuestra Misi\u00f3n<\/b><\/h4>\n<p><span style=\"font-weight: 400;\">El Centro de Recursos de embarazo y familia de San Bernardino busca promover la santidad de toda vida humana desde la concepci\u00f3n hasta la muerte natural. Ofrecemos todos los servicios sin prejuicios con respecto a raza, etnia, religi\u00f3n, edad, sexo o socioecon\u00f3micos.<\/span><\/p>\n<h4><b>Declaraci\u00f3n de Fe<\/b><\/h4>\n<p><span style=\"font-weight: 400;\">Creemos que hay un Dios, eternamente existente en tres personas: padre, hijo y Esp\u00edritu Santo<br \/>\n<\/span><span style=\"font-weight: 400;\">Creemos en la Deidad de nuestro Se\u00f1or Jesucristo, en su nacimiento virginal, en su vida sin pecado, en sus milagros, su muerte vicaria y expiatoria a trav\u00e9s de su sangre derramada, en su resurrecci\u00f3n corporal, en su ascensi\u00f3n a la diestra del padre y en su retorno personal y gloria.<br \/>\n<\/span><span style=\"font-weight: 400;\">Creemos en la unidad espiritual de los creyentes en nuestro Se\u00f1or Jesucristo<br \/>\n<\/span><span style=\"font-weight: 400;\">Creemos que Dios es el creador de toda la vida y define claramente su amor y restauraci\u00f3n para toda la humanidad en su palabra, la Santa Biblia<\/span><\/p>\n<h4><b>Enclases<\/b><\/h4>\n<p>Aqu\u00ed hay algunos enlaces que te recomendamos!<\/p>\n<p><span style=\"font-weight: 400;\">www.babycenter.com<br \/>\n<\/span><span style=\"font-weight: 400;\">www.bethany.org<br \/>\n<\/span><span style=\"font-weight: 400;\">www.thinkaboutitonline.com<br \/>\n<\/span><span style=\"font-weight: 400;\">www.standupgirl.com<br \/>\n<\/span><span style=\"font-weight: 400;\">www.abortionfacts.com<\/span><\/p>","protected":false},"excerpt":{"rendered":"<p>Sobre Nosotros El Centro de Recursos de Embarazo y Familia de San Bernardino es un ministerio centrado en Cristo dedicada al cuidado de las mujeres y familias con cuestiones relacionadas con el embarazo d\u00e1ndoles recursos afirmando su vida y apoyo f\u00edsico, emocional y espiritual. Trabajamos totalmente de donativos de organizaciones, iglesias e individuos en la [&hellip;]<\/p>","protected":false},"author":8,"featured_media":0,"parent":190,"menu_order":0,"comment_status":"closed","ping_status":"closed","template":"template-custom.php","meta":{"_acf_changed":false,"footnotes":""},"acf":[],"yoast_head":"<!-- This site is optimized with the Yoast SEO plugin v20.10 - https:\/\/yoast.com\/wordpress\/plugins\/seo\/ -->\n<title>Asistencia de Bienes Materiales - Life Choice Pregnancy Center<\/title>\n<meta name=\"robots\" content=\"index, follow, max-snippet:-1, max-image-preview:large, max-video-preview:-1\" \/>\n<link rel=\"canonical\" href=\"https:\/\/lifechoicepc.com\/es\/servicios\/asistencia-de-bienes-materiales\/\" \/>\n<meta property=\"og:locale\" content=\"es_MX\" \/>\n<meta property=\"og:type\" content=\"article\" \/>\n<meta property=\"og:title\" content=\"Asistencia de Bienes Materiales - Life Choice Pregnancy Center\" \/>\n<meta property=\"og:description\" content=\"Sobre Nosotros El Centro de Recursos de Embarazo y Familia de San Bernardino es un ministerio centrado en Cristo dedicada al cuidado de las mujeres y familias con cuestiones relacionadas con el embarazo d\u00e1ndoles recursos afirmando su vida y apoyo f\u00edsico, emocional y espiritual. Trabajamos totalmente de donativos de organizaciones, iglesias e individuos en la [&hellip;]\" \/>\n<meta property=\"og:url\" content=\"https:\/\/lifechoicepc.com\/es\/servicios\/asistencia-de-bienes-materiales\/\" \/>\n<meta property=\"og:site_name\" content=\"Life Choice Pregnancy Center\" \/>\n<meta property=\"article:modified_time\" content=\"2020-09-11T03:21:11+00:00\" \/>\n<meta name=\"twitter:card\" content=\"summary_large_image\" \/>\n<script type=\"application\/ld+json\" class=\"yoast-schema-graph\">{\"@context\":\"https:\/\/schema.org\",\"@graph\":[{\"@type\":\"WebPage\",\"@id\":\"https:\/\/lifechoicepc.com\/es\/servicios\/asistencia-de-bienes-materiales\/\",\"url\":\"https:\/\/lifechoicepc.com\/es\/servicios\/asistencia-de-bienes-materiales\/\",\"name\":\"Asistencia de Bienes Materiales - Life Choice Pregnancy Center\",\"isPartOf\":{\"@id\":\"https:\/\/lifechoicepc.com\/es\/#website\"},\"datePublished\":\"2020-01-14T06:27:31+00:00\",\"dateModified\":\"2020-09-11T03:21:11+00:00\",\"breadcrumb\":{\"@id\":\"https:\/\/lifechoicepc.com\/es\/servicios\/asistencia-de-bienes-materiales\/#breadcrumb\"},\"inLanguage\":\"es-MX\",\"potentialAction\":[{\"@type\":\"ReadAction\",\"target\":[\"https:\/\/lifechoicepc.com\/es\/servicios\/asistencia-de-bienes-materiales\/\"]}]},{\"@type\":\"BreadcrumbList\",\"@id\":\"https:\/\/lifechoicepc.com\/es\/servicios\/asistencia-de-bienes-materiales\/#breadcrumb\",\"itemListElement\":[{\"@type\":\"ListItem\",\"position\":1,\"name\":\"Home\",\"item\":\"https:\/\/lifechoicepc.com\/es\/inicio\/\"},{\"@type\":\"ListItem\",\"position\":2,\"name\":\"Servicios\",\"item\":\"https:\/\/lifechoicepc.com\/servicios\/\"},{\"@type\":\"ListItem\",\"position\":3,\"name\":\"Asistencia de Bienes Materiales\"}]},{\"@type\":\"WebSite\",\"@id\":\"https:\/\/lifechoicepc.com\/es\/#website\",\"url\":\"https:\/\/lifechoicepc.com\/es\/\",\"name\":\"Pregnancy &amp; Family Resource Center\",\"description\":\"Your Life. Your Choice. We will help.\",\"publisher\":{\"@id\":\"https:\/\/lifechoicepc.com\/es\/#organization\"},\"potentialAction\":[{\"@type\":\"SearchAction\",\"target\":{\"@type\":\"EntryPoint\",\"urlTemplate\":\"https:\/\/lifechoicepc.com\/es\/?s={search_term_string}\"},\"query-input\":\"required name=search_term_string\"}],\"inLanguage\":\"es-MX\"},{\"@type\":\"Organization\",\"@id\":\"https:\/\/lifechoicepc.com\/es\/#organization\",\"name\":\"San Bernardino Pregnancy & Family Resource Center\",\"url\":\"https:\/\/lifechoicepc.com\/es\/\",\"logo\":{\"@type\":\"ImageObject\",\"inLanguage\":\"es-MX\",\"@id\":\"https:\/\/lifechoicepc.com\/es\/#\/schema\/logo\/image\/\",\"url\":\"https:\/\/lifechoicepc.com\/wp-content\/uploads\/2023\/06\/cropped-LCPC-logo-horz-sm.png\",\"contentUrl\":\"https:\/\/lifechoicepc.com\/wp-content\/uploads\/2023\/06\/cropped-LCPC-logo-horz-sm.png\",\"width\":2793,\"height\":898,\"caption\":\"San Bernardino Pregnancy & Family Resource Center\"},\"image\":{\"@id\":\"https:\/\/lifechoicepc.com\/es\/#\/schema\/logo\/image\/\"}}]}<\/script>\n<!-- \/ Yoast SEO plugin. -->","yoast_head_json":{"title":"Asistencia de Bienes Materiales - Life Choice Pregnancy Center","robots":{"index":"index","follow":"follow","max-snippet":"max-snippet:-1","max-image-preview":"max-image-preview:large","max-video-preview":"max-video-preview:-1"},"canonical":"https:\/\/lifechoicepc.com\/es\/servicios\/asistencia-de-bienes-materiales\/","og_locale":"es_MX","og_type":"article","og_title":"Asistencia de Bienes Materiales - Life Choice Pregnancy Center","og_description":"Sobre Nosotros El Centro de Recursos de Embarazo y Familia de San Bernardino es un ministerio centrado en Cristo dedicada al cuidado de las mujeres y familias con cuestiones relacionadas con el embarazo d\u00e1ndoles recursos afirmando su vida y apoyo f\u00edsico, emocional y espiritual. Trabajamos totalmente de donativos de organizaciones, iglesias e individuos en la [&hellip;]","og_url":"https:\/\/lifechoicepc.com\/es\/servicios\/asistencia-de-bienes-materiales\/","og_site_name":"Life Choice Pregnancy Center","article_modified_time":"2020-09-11T03:21:11+00:00","twitter_card":"summary_large_image","schema":{"@context":"https:\/\/schema.org","@graph":[{"@type":"WebPage","@id":"https:\/\/lifechoicepc.com\/es\/servicios\/asistencia-de-bienes-materiales\/","url":"https:\/\/lifechoicepc.com\/es\/servicios\/asistencia-de-bienes-materiales\/","name":"Asistencia de Bienes Materiales - Life Choice Pregnancy Center","isPartOf":{"@id":"https:\/\/lifechoicepc.com\/es\/#website"},"datePublished":"2020-01-14T06:27:31+00:00","dateModified":"2020-09-11T03:21:11+00:00","breadcrumb":{"@id":"https:\/\/lifechoicepc.com\/es\/servicios\/asistencia-de-bienes-materiales\/#breadcrumb"},"inLanguage":"es-MX","potentialAction":[{"@type":"ReadAction","target":["https:\/\/lifechoicepc.com\/es\/servicios\/asistencia-de-bienes-materiales\/"]}]},{"@type":"BreadcrumbList","@id":"https:\/\/lifechoicepc.com\/es\/servicios\/asistencia-de-bienes-materiales\/#breadcrumb","itemListElement":[{"@type":"ListItem","position":1,"name":"Home","item":"https:\/\/lifechoicepc.com\/es\/inicio\/"},{"@type":"ListItem","position":2,"name":"Servicios","item":"https:\/\/lifechoicepc.com\/servicios\/"},{"@type":"ListItem","position":3,"name":"Asistencia de Bienes Materiales"}]},{"@type":"WebSite","@id":"https:\/\/lifechoicepc.com\/es\/#website","url":"https:\/\/lifechoicepc.com\/es\/","name":"Pregnancy &amp; Family Resource Center","description":"Your Life. Your Choice. We will help.","publisher":{"@id":"https:\/\/lifechoicepc.com\/es\/#organization"},"potentialAction":[{"@type":"SearchAction","target":{"@type":"EntryPoint","urlTemplate":"https:\/\/lifechoicepc.com\/es\/?s={search_term_string}"},"query-input":"required name=search_term_string"}],"inLanguage":"es-MX"},{"@type":"Organization","@id":"https:\/\/lifechoicepc.com\/es\/#organization","name":"San Bernardino Pregnancy & Family Resource Center","url":"https:\/\/lifechoicepc.com\/es\/","logo":{"@type":"ImageObject","inLanguage":"es-MX","@id":"https:\/\/lifechoicepc.com\/es\/#\/schema\/logo\/image\/","url":"https:\/\/lifechoicepc.com\/wp-content\/uploads\/2023\/06\/cropped-LCPC-logo-horz-sm.png","contentUrl":"https:\/\/lifechoicepc.com\/wp-content\/uploads\/2023\/06\/cropped-LCPC-logo-horz-sm.png","width":2793,"height":898,"caption":"San Bernardino Pregnancy & Family Resource Center"},"image":{"@id":"https:\/\/lifechoicepc.com\/es\/#\/schema\/logo\/image\/"}}]}},"_links":{"self":[{"href":"https:\/\/lifechoicepc.com\/es\/wp-json\/wp\/v2\/pages\/194"}],"collection":[{"href":"https:\/\/lifechoicepc.com\/es\/wp-json\/wp\/v2\/pages"}],"about":[{"href":"https:\/\/lifechoicepc.com\/es\/wp-json\/wp\/v2\/types\/page"}],"author":[{"embeddable":true,"href":"https:\/\/lifechoicepc.com\/es\/wp-json\/wp\/v2\/users\/8"}],"replies":[{"embeddable":true,"href":"https:\/\/lifechoicepc.com\/es\/wp-json\/wp\/v2\/comments?post=194"}],"version-history":[{"count":7,"href":"https:\/\/lifechoicepc.com\/es\/wp-json\/wp\/v2\/pages\/194\/revisions"}],"predecessor-version":[{"id":395,"href":"https:\/\/lifechoicepc.com\/es\/wp-json\/wp\/v2\/pages\/194\/revisions\/395"}],"up":[{"embeddable":true,"href":"https:\/\/lifechoicepc.com\/es\/wp-json\/wp\/v2\/pages\/190"}],"wp:attachment":[{"href":"https:\/\/lifechoicepc.com\/es\/wp-json\/wp\/v2\/media?parent=194"}],"curies":[{"name":"wp","href":"https:\/\/api.w.org\/{rel}","templated":true}]}}