{"id":226,"date":"2020-01-14T18:45:46","date_gmt":"2020-01-14T18:45:46","guid":{"rendered":"http:\/\/sbpregnancychoices.com\/?page_id=226"},"modified":"2020-01-23T01:10:30","modified_gmt":"2020-01-23T01:10:30","slug":"ultrasonido","status":"publish","type":"page","link":"https:\/\/lifechoicepc.com\/es\/servicios\/ultrasonido\/","title":{"rendered":"Ultrasonido"},"content":{"rendered":"<p><img loading=\"lazy\" decoding=\"async\" class=\"aligncenter wp-image-305 size-full\" src=\"http:\/\/sbpregnancychoices.com\/wp-content\/uploads\/2020\/01\/ultrasound1.jpg\" alt=\"\" width=\"1000\" height=\"667\" srcset=\"https:\/\/lifechoicepc.com\/wp-content\/uploads\/2020\/01\/ultrasound1.jpg 1000w, https:\/\/lifechoicepc.com\/wp-content\/uploads\/2020\/01\/ultrasound1-300x200.jpg 300w, https:\/\/lifechoicepc.com\/wp-content\/uploads\/2020\/01\/ultrasound1-768x512.jpg 768w, https:\/\/lifechoicepc.com\/wp-content\/uploads\/2020\/01\/ultrasound1-272x182.jpg 272w\" sizes=\"(max-width: 1000px) 100vw, 1000px\" \/><\/p>\n<p>La raz\u00f3n principal por la que debe hacerse una ecograf\u00eda es simplemente para ver qu\u00e9 tan avanzado est\u00e1 su embarazo. Con este procedimiento seguro y preciso, tambi\u00e9n podr\u00e1 detectar los latidos card\u00edacos fetales, determinar la edad del beb\u00e9 y la fecha aproximada de parto. Uno de los servicios m\u00e1s emocionantes que ofrecemos en Pregnancy &amp; Family Resource Center es un ultrasonido GRATUITO.<\/p>\n<h3>\u00bfPOR QU\u00c9 DEBO OBTENER UN ULTRASONIDO?<\/h3>\n<ul>\n<li>Confirmar el embarazo<\/li>\n<li>Detectar los latidos del coraz\u00f3n fetal.<\/li>\n<li>Determinar la edad del beb\u00e9 y la fecha de parto.<\/li>\n<li>Identifique la ubicaci\u00f3n del embarazo (embarazo normal o ect\u00f3pico)<\/li>\n<\/ul>\n<h3>\u00bfQU\u00c8 ES UN ULTRASONIDO?<\/h3>\n<p>Un ultrasonido es simplemente un m\u00e9todo para crear una imagen con el uso de ondas de sonido de alta frecuencia, tan altas que no pueden ser escuchadas por los o\u00eddos humanos. Las ondas de sonido vuelven al equipo de ultrasonido para formar la imagen en un monitor. El procedimiento es totalmente seguro e indoloro tanto para usted como para su beb\u00e9.<\/p>\n<p><strong>ULTRASONIDO ABDOMINAL<\/strong><\/p>\n<p>En\u00a0Pregnancy &amp; Family Resource Center recibir\u00e1 un ultrasonido abdominal GRATUITO en el que nuestro profesional m\u00e9dico pasar\u00e1 la varita sobre su abdomen para transmitir la imagen al monitor de ultrasonido.<\/p>\n<p><img loading=\"lazy\" decoding=\"async\" class=\"aligncenter wp-image-303 size-full\" src=\"http:\/\/sbpregnancychoices.com\/wp-content\/uploads\/2020\/01\/ultrasound2.jpg\" alt=\"\" width=\"1000\" height=\"667\" srcset=\"https:\/\/lifechoicepc.com\/wp-content\/uploads\/2020\/01\/ultrasound2.jpg 1000w, https:\/\/lifechoicepc.com\/wp-content\/uploads\/2020\/01\/ultrasound2-300x200.jpg 300w, https:\/\/lifechoicepc.com\/wp-content\/uploads\/2020\/01\/ultrasound2-768x512.jpg 768w, https:\/\/lifechoicepc.com\/wp-content\/uploads\/2020\/01\/ultrasound2-272x182.jpg 272w\" sizes=\"(max-width: 1000px) 100vw, 1000px\" \/><\/p>\n<h3>UN EMBARAZO SEGURO Y SALUDABLE<\/h3>\n<p>Una raz\u00f3n muy importante por la que debe hacerse una ecograf\u00eda es para determinar la ubicaci\u00f3n del embarazo. Si el embarazo no est\u00e1 en el lugar correcto, podr\u00eda haber un problema. Seg\u00fan la Cl\u00ednica Mayo, \u201cun embarazo ect\u00f3pico ocurre cuando un \u00f3vulo fertilizado se implanta y crece fuera de la cavidad principal del \u00fatero. El embarazo comienza con un \u00f3vulo fertilizado. Normalmente, el \u00f3vulo fertilizado se adhiere al revestimiento del \u00fatero. Un embarazo ect\u00f3pico ocurre con mayor frecuencia en una trompa de Falopio, que transporta \u00f3vulos desde los ovarios hasta el \u00fatero. Este tipo de embarazo ect\u00f3pico se llama embarazo tub\u00e1rico \u201d. 1<\/p>\n<p style=\"text-align: center;\"><iframe loading=\"lazy\" src=\"https:\/\/www.youtube.com\/embed\/JLfeenmg45w\" width=\"560\" height=\"315\" frameborder=\"0\" allowfullscreen=\"allowfullscreen\" data-mce-fragment=\"1\"><\/iframe><\/p>\n<h3>\u00bfC\u00d3MO ME PREPARO PARA UN ULTRASONIDO?<\/h3>\n<p>Es una buena idea usar ropa holgada para acceder f\u00e1cilmente a su abdomen cuando venga a Pregnancy &amp; Family Resource Center para hacerse una ecograf\u00eda GRATUITA. Se recomienda que tome muchos l\u00edquidos (agua) e intente no vaciar la vejiga antes del procedimiento. Una vejiga llena hace que sea m\u00e1s f\u00e1cil ver al beb\u00e9.<\/p>\n<p>El ultrasonido se administra despu\u00e9s de que se confirma el embarazo y su embarazo ha avanzado. Si la ecograf\u00eda se administra demasiado temprano en el embarazo, la imagen del beb\u00e9 no se definir\u00e1.<\/p>\n<p>GRATIS Y CONFIDENCIAL<\/p>\n<p>Un buen punto de partida puede ser que usted haga una cita para su ultrasonido: es GRATUITO y confidencial y nuestro atento personal puede responder cualquier pregunta que pueda tener. Antes de su ultrasonido, se reunir\u00e1 con uno de nuestros defensores para revisar su historial m\u00e9dico y discutir todas sus inquietudes. En Pregnancy &amp; Family Resource Center estamos aqu\u00ed para ayudarla con su embarazo.<\/p>\n<p><img loading=\"lazy\" decoding=\"async\" class=\"aligncenter wp-image-304 size-full\" src=\"http:\/\/sbpregnancychoices.com\/wp-content\/uploads\/2020\/01\/ultrasound3.jpg\" alt=\"\" width=\"1000\" height=\"667\" srcset=\"https:\/\/lifechoicepc.com\/wp-content\/uploads\/2020\/01\/ultrasound3.jpg 1000w, https:\/\/lifechoicepc.com\/wp-content\/uploads\/2020\/01\/ultrasound3-300x200.jpg 300w, https:\/\/lifechoicepc.com\/wp-content\/uploads\/2020\/01\/ultrasound3-768x512.jpg 768w, https:\/\/lifechoicepc.com\/wp-content\/uploads\/2020\/01\/ultrasound3-272x182.jpg 272w\" sizes=\"(max-width: 1000px) 100vw, 1000px\" \/><\/p>\n<p>&nbsp;<\/p>\n<p>&nbsp;<\/p>\n<p>1 \u2013 https:\/\/www.mayoclinic.org\/diseases-conditions\/ectopic-pregnancy\/symptoms-causes\/syc-20372088-<\/p>","protected":false},"excerpt":{"rendered":"<p>La raz\u00f3n principal por la que debe hacerse una ecograf\u00eda es simplemente para ver qu\u00e9 tan avanzado est\u00e1 su embarazo. Con este procedimiento seguro y preciso, tambi\u00e9n podr\u00e1 detectar los latidos card\u00edacos fetales, determinar la edad del beb\u00e9 y la fecha aproximada de parto. Uno de los servicios m\u00e1s emocionantes que ofrecemos en Pregnancy &amp; [&hellip;]<\/p>","protected":false},"author":8,"featured_media":0,"parent":190,"menu_order":0,"comment_status":"closed","ping_status":"closed","template":"template-custom.php","meta":{"_acf_changed":false,"footnotes":""},"acf":[],"yoast_head":"<!-- This site is optimized with the Yoast SEO plugin v20.10 - https:\/\/yoast.com\/wordpress\/plugins\/seo\/ -->\n<title>Ultrasonido - Life Choice Pregnancy Center<\/title>\n<meta name=\"robots\" content=\"index, follow, max-snippet:-1, max-image-preview:large, max-video-preview:-1\" \/>\n<link rel=\"canonical\" href=\"https:\/\/lifechoicepc.com\/es\/servicios\/ultrasonido\/\" \/>\n<meta property=\"og:locale\" content=\"es_MX\" \/>\n<meta property=\"og:type\" content=\"article\" \/>\n<meta property=\"og:title\" content=\"Ultrasonido - Life Choice Pregnancy Center\" \/>\n<meta property=\"og:description\" content=\"La raz\u00f3n principal por la que debe hacerse una ecograf\u00eda es simplemente para ver qu\u00e9 tan avanzado est\u00e1 su embarazo. Con este procedimiento seguro y preciso, tambi\u00e9n podr\u00e1 detectar los latidos card\u00edacos fetales, determinar la edad del beb\u00e9 y la fecha aproximada de parto. Uno de los servicios m\u00e1s emocionantes que ofrecemos en Pregnancy &amp; [&hellip;]\" \/>\n<meta property=\"og:url\" content=\"https:\/\/lifechoicepc.com\/es\/servicios\/ultrasonido\/\" \/>\n<meta property=\"og:site_name\" content=\"Life Choice Pregnancy Center\" \/>\n<meta property=\"article:modified_time\" content=\"2020-01-23T01:10:30+00:00\" \/>\n<meta property=\"og:image\" content=\"http:\/\/sbpregnancychoices.com\/wp-content\/uploads\/2020\/01\/ultrasound1.jpg\" \/>\n<meta name=\"twitter:card\" content=\"summary_large_image\" \/>\n<script type=\"application\/ld+json\" class=\"yoast-schema-graph\">{\"@context\":\"https:\/\/schema.org\",\"@graph\":[{\"@type\":\"WebPage\",\"@id\":\"https:\/\/lifechoicepc.com\/es\/servicios\/ultrasonido\/\",\"url\":\"https:\/\/lifechoicepc.com\/es\/servicios\/ultrasonido\/\",\"name\":\"Ultrasonido - Life Choice Pregnancy Center\",\"isPartOf\":{\"@id\":\"https:\/\/lifechoicepc.com\/es\/#website\"},\"datePublished\":\"2020-01-14T18:45:46+00:00\",\"dateModified\":\"2020-01-23T01:10:30+00:00\",\"breadcrumb\":{\"@id\":\"https:\/\/lifechoicepc.com\/es\/servicios\/ultrasonido\/#breadcrumb\"},\"inLanguage\":\"es-MX\",\"potentialAction\":[{\"@type\":\"ReadAction\",\"target\":[\"https:\/\/lifechoicepc.com\/es\/servicios\/ultrasonido\/\"]}]},{\"@type\":\"BreadcrumbList\",\"@id\":\"https:\/\/lifechoicepc.com\/es\/servicios\/ultrasonido\/#breadcrumb\",\"itemListElement\":[{\"@type\":\"ListItem\",\"position\":1,\"name\":\"Home\",\"item\":\"https:\/\/lifechoicepc.com\/es\/inicio\/\"},{\"@type\":\"ListItem\",\"position\":2,\"name\":\"Servicios\",\"item\":\"https:\/\/lifechoicepc.com\/servicios\/\"},{\"@type\":\"ListItem\",\"position\":3,\"name\":\"Ultrasonido\"}]},{\"@type\":\"WebSite\",\"@id\":\"https:\/\/lifechoicepc.com\/es\/#website\",\"url\":\"https:\/\/lifechoicepc.com\/es\/\",\"name\":\"Pregnancy &amp; Family Resource Center\",\"description\":\"Your Life. Your Choice. We will help.\",\"publisher\":{\"@id\":\"https:\/\/lifechoicepc.com\/es\/#organization\"},\"potentialAction\":[{\"@type\":\"SearchAction\",\"target\":{\"@type\":\"EntryPoint\",\"urlTemplate\":\"https:\/\/lifechoicepc.com\/es\/?s={search_term_string}\"},\"query-input\":\"required name=search_term_string\"}],\"inLanguage\":\"es-MX\"},{\"@type\":\"Organization\",\"@id\":\"https:\/\/lifechoicepc.com\/es\/#organization\",\"name\":\"San Bernardino Pregnancy & Family Resource Center\",\"url\":\"https:\/\/lifechoicepc.com\/es\/\",\"logo\":{\"@type\":\"ImageObject\",\"inLanguage\":\"es-MX\",\"@id\":\"https:\/\/lifechoicepc.com\/es\/#\/schema\/logo\/image\/\",\"url\":\"https:\/\/lifechoicepc.com\/wp-content\/uploads\/2023\/06\/cropped-LCPC-logo-horz-sm.png\",\"contentUrl\":\"https:\/\/lifechoicepc.com\/wp-content\/uploads\/2023\/06\/cropped-LCPC-logo-horz-sm.png\",\"width\":2793,\"height\":898,\"caption\":\"San Bernardino Pregnancy & Family Resource Center\"},\"image\":{\"@id\":\"https:\/\/lifechoicepc.com\/es\/#\/schema\/logo\/image\/\"}}]}<\/script>\n<!-- \/ Yoast SEO plugin. -->","yoast_head_json":{"title":"Ultrasonido - Life Choice Pregnancy Center","robots":{"index":"index","follow":"follow","max-snippet":"max-snippet:-1","max-image-preview":"max-image-preview:large","max-video-preview":"max-video-preview:-1"},"canonical":"https:\/\/lifechoicepc.com\/es\/servicios\/ultrasonido\/","og_locale":"es_MX","og_type":"article","og_title":"Ultrasonido - Life Choice Pregnancy Center","og_description":"La raz\u00f3n principal por la que debe hacerse una ecograf\u00eda es simplemente para ver qu\u00e9 tan avanzado est\u00e1 su embarazo. Con este procedimiento seguro y preciso, tambi\u00e9n podr\u00e1 detectar los latidos card\u00edacos fetales, determinar la edad del beb\u00e9 y la fecha aproximada de parto. Uno de los servicios m\u00e1s emocionantes que ofrecemos en Pregnancy &amp; [&hellip;]","og_url":"https:\/\/lifechoicepc.com\/es\/servicios\/ultrasonido\/","og_site_name":"Life Choice Pregnancy Center","article_modified_time":"2020-01-23T01:10:30+00:00","og_image":[{"url":"http:\/\/sbpregnancychoices.com\/wp-content\/uploads\/2020\/01\/ultrasound1.jpg"}],"twitter_card":"summary_large_image","schema":{"@context":"https:\/\/schema.org","@graph":[{"@type":"WebPage","@id":"https:\/\/lifechoicepc.com\/es\/servicios\/ultrasonido\/","url":"https:\/\/lifechoicepc.com\/es\/servicios\/ultrasonido\/","name":"Ultrasonido - Life Choice Pregnancy Center","isPartOf":{"@id":"https:\/\/lifechoicepc.com\/es\/#website"},"datePublished":"2020-01-14T18:45:46+00:00","dateModified":"2020-01-23T01:10:30+00:00","breadcrumb":{"@id":"https:\/\/lifechoicepc.com\/es\/servicios\/ultrasonido\/#breadcrumb"},"inLanguage":"es-MX","potentialAction":[{"@type":"ReadAction","target":["https:\/\/lifechoicepc.com\/es\/servicios\/ultrasonido\/"]}]},{"@type":"BreadcrumbList","@id":"https:\/\/lifechoicepc.com\/es\/servicios\/ultrasonido\/#breadcrumb","itemListElement":[{"@type":"ListItem","position":1,"name":"Home","item":"https:\/\/lifechoicepc.com\/es\/inicio\/"},{"@type":"ListItem","position":2,"name":"Servicios","item":"https:\/\/lifechoicepc.com\/servicios\/"},{"@type":"ListItem","position":3,"name":"Ultrasonido"}]},{"@type":"WebSite","@id":"https:\/\/lifechoicepc.com\/es\/#website","url":"https:\/\/lifechoicepc.com\/es\/","name":"Pregnancy &amp; Family Resource Center","description":"Your Life. Your Choice. We will help.","publisher":{"@id":"https:\/\/lifechoicepc.com\/es\/#organization"},"potentialAction":[{"@type":"SearchAction","target":{"@type":"EntryPoint","urlTemplate":"https:\/\/lifechoicepc.com\/es\/?s={search_term_string}"},"query-input":"required name=search_term_string"}],"inLanguage":"es-MX"},{"@type":"Organization","@id":"https:\/\/lifechoicepc.com\/es\/#organization","name":"San Bernardino Pregnancy & Family Resource Center","url":"https:\/\/lifechoicepc.com\/es\/","logo":{"@type":"ImageObject","inLanguage":"es-MX","@id":"https:\/\/lifechoicepc.com\/es\/#\/schema\/logo\/image\/","url":"https:\/\/lifechoicepc.com\/wp-content\/uploads\/2023\/06\/cropped-LCPC-logo-horz-sm.png","contentUrl":"https:\/\/lifechoicepc.com\/wp-content\/uploads\/2023\/06\/cropped-LCPC-logo-horz-sm.png","width":2793,"height":898,"caption":"San Bernardino Pregnancy & Family Resource Center"},"image":{"@id":"https:\/\/lifechoicepc.com\/es\/#\/schema\/logo\/image\/"}}]}},"_links":{"self":[{"href":"https:\/\/lifechoicepc.com\/es\/wp-json\/wp\/v2\/pages\/226"}],"collection":[{"href":"https:\/\/lifechoicepc.com\/es\/wp-json\/wp\/v2\/pages"}],"about":[{"href":"https:\/\/lifechoicepc.com\/es\/wp-json\/wp\/v2\/types\/page"}],"author":[{"embeddable":true,"href":"https:\/\/lifechoicepc.com\/es\/wp-json\/wp\/v2\/users\/8"}],"replies":[{"embeddable":true,"href":"https:\/\/lifechoicepc.com\/es\/wp-json\/wp\/v2\/comments?post=226"}],"version-history":[{"count":5,"href":"https:\/\/lifechoicepc.com\/es\/wp-json\/wp\/v2\/pages\/226\/revisions"}],"predecessor-version":[{"id":325,"href":"https:\/\/lifechoicepc.com\/es\/wp-json\/wp\/v2\/pages\/226\/revisions\/325"}],"up":[{"embeddable":true,"href":"https:\/\/lifechoicepc.com\/es\/wp-json\/wp\/v2\/pages\/190"}],"wp:attachment":[{"href":"https:\/\/lifechoicepc.com\/es\/wp-json\/wp\/v2\/media?parent=226"}],"curies":[{"name":"wp","href":"https:\/\/api.w.org\/{rel}","templated":true}]}}