{"id":231,"date":"2020-01-14T21:26:00","date_gmt":"2020-01-14T21:26:00","guid":{"rendered":"http:\/\/sbpregnancychoices.com\/?page_id=231"},"modified":"2020-01-17T00:14:23","modified_gmt":"2020-01-17T00:14:23","slug":"sintomas-del-embarazo","status":"publish","type":"page","link":"https:\/\/lifechoicepc.com\/es\/informacion-de-salud\/sintomas-del-embarazo\/","title":{"rendered":"S\u00edntomas del Embarazo"},"content":{"rendered":"<div id=\"pg-214-0\" class=\"panel-grid panel-no-style\">\n<div id=\"pgc-214-0-0\" class=\"panel-grid-cell\" data-weight=\"1\">\n<div id=\"panel-214-0-0-0\" class=\"so-panel widget widget_sow-editor panel-first-child panel-last-child\" data-index=\"0\" data-style=\"{&quot;background_image_attachment&quot;:false,&quot;background_display&quot;:&quot;tile&quot;}\">\n<div class=\"so-widget-sow-editor so-widget-sow-editor-base\">\n<div class=\"siteorigin-widget-tinymce textwidget\">\n<h2 style=\"text-align: center;\">\u00bfEstoy Embarazada? 12 Signos y S\u00edntomas del Embarazo Para Buscar<\/h2>\n<p><img loading=\"lazy\" decoding=\"async\" class=\"aligncenter wp-image-295 size-full\" src=\"http:\/\/sbpregnancychoices.com\/wp-content\/uploads\/2020\/01\/pregnancysymptoms1.jpg\" alt=\"\" width=\"1000\" height=\"667\" srcset=\"https:\/\/lifechoicepc.com\/wp-content\/uploads\/2020\/01\/pregnancysymptoms1.jpg 1000w, https:\/\/lifechoicepc.com\/wp-content\/uploads\/2020\/01\/pregnancysymptoms1-300x200.jpg 300w, https:\/\/lifechoicepc.com\/wp-content\/uploads\/2020\/01\/pregnancysymptoms1-768x512.jpg 768w, https:\/\/lifechoicepc.com\/wp-content\/uploads\/2020\/01\/pregnancysymptoms1-272x182.jpg 272w\" sizes=\"(max-width: 1000px) 100vw, 1000px\" \/><\/p>\n<p>\u00bfHas experimentado cambios en tu cuerpo? \u00bfCrees que puedes estar embarazada? Este puede ser un momento desconcertante como es. Para aumentar la confusi\u00f3n, muchos signos y s\u00edntomas del embarazo pueden tener causas ajenas al embarazo.<\/p>\n<p>Debe saber que los primeros signos de embarazo tienden a diferir de una mujer a otra. Por supuesto, lo mejor es tomar una prueba de embarazo tan pronto como sea posible. Pero prestar atenci\u00f3n a los primeros s\u00edntomas del embarazo tambi\u00e9n es importante. Con esto en mente, considere estos 12 primeros s\u00edntomas del embarazo..<\/p>\n<h3>S\u00edntomas Del Embarazo Semana 1<\/h3>\n<p>La Association \u201cAmerican Pregnancy Association\u201d (APA) realiz\u00f3 una encuesta sobre los primeros signos de embarazo. De las mujeres encuestadas, el 29% inform\u00f3 un per\u00edodo perdido y el 25% inform\u00f3 n\u00e1useas como los primeros s\u00edntomas del embarazo. Vamos a considerar estos dos primero y luego centramos en 10 indicadores adicionales.<strong>\u00a0<\/strong><\/p>\n<ol>\n<li><strong>Ausencia de la menstruaci\u00f3n.\u00a0\u00a0<\/strong>Un ciclo menstrual perdido muchas veces es la primera se\u00f1al que tiene una mujer de que puede estar embarazada. Muchas mujeres comienzan a buscar respuestas porque saben que llegan tarde a su pr\u00f3ximo ciclo menstrual. Si ha tenido unciclo menstrual perdido de aproximadamente una semana, podr\u00eda considerar esto como un posible indicador de embarazo. Sin embargo, este s\u00edntoma en s\u00ed mismo puede no ser exacto si ha tenido ciclos menstruales irregulares.<strong>\u00a0<\/strong><\/li>\n<\/ol>\n<ol start=\"2\">\n<li><strong>N\u00e1useas\/V\u00f3mitos.\u00a0<\/strong>La n\u00e1usea es bastante com\u00fan en el primer trimestre y puede o no estar acompa\u00f1ada de v\u00f3mitos. Esto se conoce como n\u00e1useas matutinas, aunque tambi\u00e9n se puede experimentar m\u00e1s tarde en el d\u00eda. La gravedad puede diferir de persona a persona. No est\u00e1 totalmente claro cu\u00e1l es la causa de las n\u00e1useas matutinas, pero puede deberse a cambios hormonales.<\/li>\n<\/ol>\n<p><img loading=\"lazy\" decoding=\"async\" class=\"aligncenter wp-image-294 size-full\" src=\"http:\/\/sbpregnancychoices.com\/wp-content\/uploads\/2020\/01\/pregnancysymptoms2.jpg\" alt=\"\" width=\"1000\" height=\"667\" srcset=\"https:\/\/lifechoicepc.com\/wp-content\/uploads\/2020\/01\/pregnancysymptoms2.jpg 1000w, https:\/\/lifechoicepc.com\/wp-content\/uploads\/2020\/01\/pregnancysymptoms2-300x200.jpg 300w, https:\/\/lifechoicepc.com\/wp-content\/uploads\/2020\/01\/pregnancysymptoms2-768x512.jpg 768w, https:\/\/lifechoicepc.com\/wp-content\/uploads\/2020\/01\/pregnancysymptoms2-272x182.jpg 272w\" sizes=\"(max-width: 1000px) 100vw, 1000px\" \/><\/p>\n<\/div>\n<\/div>\n<\/div>\n<\/div>\n<\/div>\n<div id=\"pg-214-1\" class=\"panel-grid panel-no-style\" data-style=\"{&quot;background_image_attachment&quot;:false,&quot;background_display&quot;:&quot;tile&quot;,&quot;cell_alignment&quot;:&quot;flex-start&quot;}\" data-ratio=\"1\" data-ratio-direction=\"right\">\n<div id=\"pgc-214-1-0\" class=\"panel-grid-cell\" data-weight=\"1\">\n<div id=\"panel-214-1-0-0\" class=\"so-panel widget widget_sow-editor panel-first-child panel-last-child\" data-index=\"1\" data-style=\"{&quot;background_image_attachment&quot;:false,&quot;background_display&quot;:&quot;tile&quot;}\">\n<div class=\"so-widget-sow-editor so-widget-sow-editor-base\">\n<div class=\"siteorigin-widget-tinymce textwidget\">\n<h3>Otros Signos y S\u00edntomas Del Embarazo<\/h3>\n<ol start=\"3\">\n<li><strong>Senos Tiernos\/Hinchados.<\/strong>\u00a0En la encuesta del APA citada anteriormente, aproximadamente el 17% de las mujeres encuestadas informaron que esto era el primer signo de embarazo. Sin embargo, esto puede ocurrir entre cuatro y seis semanas despu\u00e9s del embarazo. Puede experimentar hormigueo, dolor e hinchaz\u00f3n \/ agrandamiento del tejido mamario. Tambi\u00e9n puede notar el oscurecimiento de las \u00e1reas que rodean los pezones. Una vez que su cuerpo se adapta a sus nuevos cambios hormonales, estos sentimientos deber\u00edan desaparecer.<\/li>\n<\/ol>\n<div class=\"sympvideo\"><iframe loading=\"lazy\" src=\"https:\/\/www.youtube.com\/embed\/i2Q79IbuzgU\" width=\"100%\" height=\"315\" frameborder=\"0\" allowfullscreen=\"allowfullscreen\" data-mce-fragment=\"1\"><\/iframe><\/div>\n<ol start=\"4\">\n<li><strong>Manchado ligero\/Sangrado\/Flujo vaginal.\u00a0<\/strong>Esto se conoce como sangrado de implantaci\u00f3n y ocurre despu\u00e9s de que el \u00f3vulo fertilizado se adhiere a la pared uterina. El sangrado de implantaci\u00f3n podr\u00eda confundirse con un per\u00edodo menstrual, pero hay algunas diferencias claras. Algunas de las diferencias clave incluyen una cantidad menor, un tiempo m\u00e1s corto, un color m\u00e1s claro y la ausencia de coagulaci\u00f3n.<strong>\u00a0<\/strong><\/li>\n<\/ol>\n<ol start=\"5\">\n<li><strong>Calambres y Dolor.\u00a0<\/strong>Los calambres que experimentan las mujeres cuando est\u00e1n embarazadas pueden parecer similares a los del s\u00edndrome premenstrual. Pero tal como mencionamos anteriormente con el sangrado de implantaci\u00f3n, los calambres de implantaci\u00f3n son diferentes. Estos calambres estar\u00e1n presentes incluso despu\u00e9s de que haya perdido su per\u00edodo. Otros signos y s\u00edntomas del embarazo incluyen calambres en las piernas y dolor en la parte baja de la espalda.<strong>\u00a0<\/strong><\/li>\n<\/ol>\n<ol start=\"6\">\n<li><strong>Dolores de Cabeza.<\/strong>\u00a0Los dolores de cabeza son tan comunes que no se puede confiar solo en este s\u00edntoma. En este caso, tambi\u00e9n puede experimentar aturdimiento o mareos. Estos s\u00edntomas se est\u00e1n debido a los cambios hormonales en su cuerpo. Debes considerarlos junto con otros s\u00edntomas del embarazo que est\u00e1s experimentando.<strong>\u00a0<\/strong><\/li>\n<\/ol>\n<ol start=\"7\">\n<li><strong>Sensibilidad al Olor.\u00a0<\/strong>Aunque puede haber poco consenso cient\u00edfico sobre este s\u00edntoma, sigue siendo un s\u00edntoma com\u00fanmente reportado. La sensibilidad al olfato es algo que muchas mujeres informan particularmente en las primeras etapas del embarazo. Tambi\u00e9n puede ser una de las causas de n\u00e1useas durante este tiempo.<strong>\u00a0<\/strong><\/li>\n<\/ol>\n<ol start=\"8\">\n<li><strong>Cambio de Apetito.\u00a0<\/strong>\u00bfLa ensalada C\u00e9sar que normalmente te gusta parece un poco desagradable? \u00bfO su antojo de papas fritas y salsa picante parece fuera de lugar? El cambio de apetito es com\u00fan como un signo temprano de embarazo. A menudo, los alimentos que normalmente desea no le sonar\u00e1n bien. Esto tambi\u00e9n puede ser debido a los cambios hormonales y junto con los cambios en los sentidos.<strong>\u00a0<\/strong><\/li>\n<\/ol>\n<ol start=\"9\">\n<li><strong>Micci\u00f3n Frecuente.\u00a0<\/strong>\u00bfTe levantas y corres al ba\u00f1o en medio de la noche? A menos que te est\u00e9s hidratando como loco, ese tambi\u00e9n podr\u00eda ser uno de los signos y s\u00edntomas del embarazo que debes tener en cuenta. Tambi\u00e9n debido a los cambios hormonales, es posible experimentar esto incluso antes de perder el ciclo menstrual..<strong>\u00a0<\/strong><\/li>\n<\/ol>\n<ol start=\"10\">\n<li><strong>El Estre\u00f1imiento y Distensi\u00f3n Abdominal.\u00a0<\/strong>Hablando de hidrataci\u00f3n, \u00a1no es una mala idea teniendo en cuenta que este s\u00edntoma puede ser muy inc\u00f3modo! Si ha tenido menos de tres evacuaciones intestinales en una semana determinada, es posible que est\u00e9 lidiando con el estre\u00f1imiento del embarazo. Los cambios hormonales pueden ser el culpable detr\u00e1s de distensi\u00f3n abdominal y estre\u00f1imiento.<\/li>\n<\/ol>\n<ol start=\"12\">\n<li><strong>Cambios de Humor \/ Fatiga.\u00a0<\/strong>Los cambios de humor y la fatiga tambi\u00e9n son atribuibles a los cambios hormonales. Esto es porque su cuerpo est\u00e1 produciendo una hormona llamada progesterona. Esta hormona apoya el embarazo y tambi\u00e9n es responsable de la producci\u00f3n de leche en los senos. Tan pronto como una semana despu\u00e9s de la concepci\u00f3n, podr\u00eda experimentar fatiga debido a que su cuerpo trabaja m\u00e1s para bombear sangre adicional para apoyar esta nueva vida.<\/li>\n<li><a href=\"https:\/\/www.stanfordchildrens.org\/en\/topic\/default?id=pregnancy-and-heartburn-134-10\"><strong>Acidez Estomacal o Indigesti\u00f3n.\u00a0<\/strong><\/a>La acidez estomacal o la indigesti\u00f3n pueden afectar a m\u00e1s mujeres en el segundo y tercer trimestre. Sin embargo, generalmente se considera que proviene de su aumento en los niveles de progesterona, as\u00ed que no lo descarte. Especialmente si no es algo que normalmente experimentas.<\/li>\n<\/ol>\n<\/div>\n<\/div>\n<\/div>\n<\/div>\n<\/div>\n<div id=\"pg-214-2\" class=\"panel-grid panel-no-style\">\n<div id=\"pgc-214-2-0\" class=\"panel-grid-cell\" data-weight=\"1\">\n<div id=\"panel-214-2-0-0\" class=\"so-panel widget widget_sow-editor panel-first-child panel-last-child\" data-index=\"2\" data-style=\"{&quot;background_image_attachment&quot;:false,&quot;background_display&quot;:&quot;tile&quot;}\">\n<div class=\"so-widget-sow-editor so-widget-sow-editor-base\">\n<div class=\"siteorigin-widget-tinymce textwidget\">\n<h3>\u00bfEstoy Embarazada? Averiguar Con Certeza<\/h3>\n<p>Si ha experimentado alguno de estos signos y s\u00edntomas del embarazo y desea m\u00e1s informaci\u00f3n, ll\u00e1menos. No deber\u00eda tener que pasar por este momento de su vida sola. Estamos aqu\u00ed para ayudar.<\/p>\n<p>&nbsp;<\/p>\n<p><em><strong>Descargo de responsabilidad:<\/strong><\/em>\u00a0Este sitio web y blog no proporciona consejo m\u00e9dico, diagn\u00f3stico o tratamiento. El contenido de este sitio web y blog no est\u00e1 destinado a ser utilizado para diagn\u00f3stico o tratamiento m\u00e9dico. La informaci\u00f3n proporcionada en este sitio web est\u00e1 dise\u00f1ado s\u00f3lo para la comprensi\u00f3n general y no pretende ser un sustituto de consejo m\u00e9dico profesional.<\/p>\n<\/div>\n<\/div>\n<\/div>\n<\/div>\n<\/div>","protected":false},"excerpt":{"rendered":"<p>\u00bfEstoy Embarazada? 12 Signos y S\u00edntomas del Embarazo Para Buscar \u00bfHas experimentado cambios en tu cuerpo? \u00bfCrees que puedes estar embarazada? Este puede ser un momento desconcertante como es. Para aumentar la confusi\u00f3n, muchos signos y s\u00edntomas del embarazo pueden tener causas ajenas al embarazo. Debe saber que los primeros signos de embarazo tienden a [&hellip;]<\/p>","protected":false},"author":8,"featured_media":0,"parent":199,"menu_order":0,"comment_status":"closed","ping_status":"closed","template":"template-custom.php","meta":{"_acf_changed":false,"footnotes":""},"acf":[],"yoast_head":"<!-- This site is optimized with the Yoast SEO plugin v20.10 - https:\/\/yoast.com\/wordpress\/plugins\/seo\/ -->\n<title>S\u00edntomas del Embarazo - Life Choice Pregnancy Center<\/title>\n<meta name=\"robots\" content=\"index, follow, max-snippet:-1, max-image-preview:large, max-video-preview:-1\" \/>\n<link rel=\"canonical\" href=\"https:\/\/lifechoicepc.com\/es\/informacion-de-salud\/sintomas-del-embarazo\/\" \/>\n<meta property=\"og:locale\" content=\"es_MX\" \/>\n<meta property=\"og:type\" content=\"article\" \/>\n<meta property=\"og:title\" content=\"S\u00edntomas del Embarazo - Life Choice Pregnancy Center\" \/>\n<meta property=\"og:description\" content=\"\u00bfEstoy Embarazada? 12 Signos y S\u00edntomas del Embarazo Para Buscar \u00bfHas experimentado cambios en tu cuerpo? \u00bfCrees que puedes estar embarazada? Este puede ser un momento desconcertante como es. Para aumentar la confusi\u00f3n, muchos signos y s\u00edntomas del embarazo pueden tener causas ajenas al embarazo. Debe saber que los primeros signos de embarazo tienden a [&hellip;]\" \/>\n<meta property=\"og:url\" content=\"https:\/\/lifechoicepc.com\/es\/informacion-de-salud\/sintomas-del-embarazo\/\" \/>\n<meta property=\"og:site_name\" content=\"Life Choice Pregnancy Center\" \/>\n<meta property=\"article:modified_time\" content=\"2020-01-17T00:14:23+00:00\" \/>\n<meta property=\"og:image\" content=\"http:\/\/sbpregnancychoices.com\/wp-content\/uploads\/2020\/01\/pregnancysymptoms1.jpg\" \/>\n<meta name=\"twitter:card\" content=\"summary_large_image\" \/>\n<script type=\"application\/ld+json\" class=\"yoast-schema-graph\">{\"@context\":\"https:\/\/schema.org\",\"@graph\":[{\"@type\":\"WebPage\",\"@id\":\"https:\/\/lifechoicepc.com\/es\/informacion-de-salud\/sintomas-del-embarazo\/\",\"url\":\"https:\/\/lifechoicepc.com\/es\/informacion-de-salud\/sintomas-del-embarazo\/\",\"name\":\"S\u00edntomas del Embarazo - Life Choice Pregnancy Center\",\"isPartOf\":{\"@id\":\"https:\/\/lifechoicepc.com\/es\/#website\"},\"datePublished\":\"2020-01-14T21:26:00+00:00\",\"dateModified\":\"2020-01-17T00:14:23+00:00\",\"breadcrumb\":{\"@id\":\"https:\/\/lifechoicepc.com\/es\/informacion-de-salud\/sintomas-del-embarazo\/#breadcrumb\"},\"inLanguage\":\"es-MX\",\"potentialAction\":[{\"@type\":\"ReadAction\",\"target\":[\"https:\/\/lifechoicepc.com\/es\/informacion-de-salud\/sintomas-del-embarazo\/\"]}]},{\"@type\":\"BreadcrumbList\",\"@id\":\"https:\/\/lifechoicepc.com\/es\/informacion-de-salud\/sintomas-del-embarazo\/#breadcrumb\",\"itemListElement\":[{\"@type\":\"ListItem\",\"position\":1,\"name\":\"Home\",\"item\":\"https:\/\/lifechoicepc.com\/es\/inicio\/\"},{\"@type\":\"ListItem\",\"position\":2,\"name\":\"Informaci\u00f3n de Salud\",\"item\":\"https:\/\/lifechoicepc.com\/?page_id=199\"},{\"@type\":\"ListItem\",\"position\":3,\"name\":\"S\u00edntomas del Embarazo\"}]},{\"@type\":\"WebSite\",\"@id\":\"https:\/\/lifechoicepc.com\/es\/#website\",\"url\":\"https:\/\/lifechoicepc.com\/es\/\",\"name\":\"Pregnancy &amp; Family Resource Center\",\"description\":\"Your Life. Your Choice. We will help.\",\"publisher\":{\"@id\":\"https:\/\/lifechoicepc.com\/es\/#organization\"},\"potentialAction\":[{\"@type\":\"SearchAction\",\"target\":{\"@type\":\"EntryPoint\",\"urlTemplate\":\"https:\/\/lifechoicepc.com\/es\/?s={search_term_string}\"},\"query-input\":\"required name=search_term_string\"}],\"inLanguage\":\"es-MX\"},{\"@type\":\"Organization\",\"@id\":\"https:\/\/lifechoicepc.com\/es\/#organization\",\"name\":\"San Bernardino Pregnancy & Family Resource Center\",\"url\":\"https:\/\/lifechoicepc.com\/es\/\",\"logo\":{\"@type\":\"ImageObject\",\"inLanguage\":\"es-MX\",\"@id\":\"https:\/\/lifechoicepc.com\/es\/#\/schema\/logo\/image\/\",\"url\":\"https:\/\/lifechoicepc.com\/wp-content\/uploads\/2023\/06\/cropped-LCPC-logo-horz-sm.png\",\"contentUrl\":\"https:\/\/lifechoicepc.com\/wp-content\/uploads\/2023\/06\/cropped-LCPC-logo-horz-sm.png\",\"width\":2793,\"height\":898,\"caption\":\"San Bernardino Pregnancy & Family Resource Center\"},\"image\":{\"@id\":\"https:\/\/lifechoicepc.com\/es\/#\/schema\/logo\/image\/\"}}]}<\/script>\n<!-- \/ Yoast SEO plugin. -->","yoast_head_json":{"title":"S\u00edntomas del Embarazo - Life Choice Pregnancy Center","robots":{"index":"index","follow":"follow","max-snippet":"max-snippet:-1","max-image-preview":"max-image-preview:large","max-video-preview":"max-video-preview:-1"},"canonical":"https:\/\/lifechoicepc.com\/es\/informacion-de-salud\/sintomas-del-embarazo\/","og_locale":"es_MX","og_type":"article","og_title":"S\u00edntomas del Embarazo - Life Choice Pregnancy Center","og_description":"\u00bfEstoy Embarazada? 12 Signos y S\u00edntomas del Embarazo Para Buscar \u00bfHas experimentado cambios en tu cuerpo? \u00bfCrees que puedes estar embarazada? Este puede ser un momento desconcertante como es. Para aumentar la confusi\u00f3n, muchos signos y s\u00edntomas del embarazo pueden tener causas ajenas al embarazo. Debe saber que los primeros signos de embarazo tienden a [&hellip;]","og_url":"https:\/\/lifechoicepc.com\/es\/informacion-de-salud\/sintomas-del-embarazo\/","og_site_name":"Life Choice Pregnancy Center","article_modified_time":"2020-01-17T00:14:23+00:00","og_image":[{"url":"http:\/\/sbpregnancychoices.com\/wp-content\/uploads\/2020\/01\/pregnancysymptoms1.jpg"}],"twitter_card":"summary_large_image","schema":{"@context":"https:\/\/schema.org","@graph":[{"@type":"WebPage","@id":"https:\/\/lifechoicepc.com\/es\/informacion-de-salud\/sintomas-del-embarazo\/","url":"https:\/\/lifechoicepc.com\/es\/informacion-de-salud\/sintomas-del-embarazo\/","name":"S\u00edntomas del Embarazo - Life Choice Pregnancy Center","isPartOf":{"@id":"https:\/\/lifechoicepc.com\/es\/#website"},"datePublished":"2020-01-14T21:26:00+00:00","dateModified":"2020-01-17T00:14:23+00:00","breadcrumb":{"@id":"https:\/\/lifechoicepc.com\/es\/informacion-de-salud\/sintomas-del-embarazo\/#breadcrumb"},"inLanguage":"es-MX","potentialAction":[{"@type":"ReadAction","target":["https:\/\/lifechoicepc.com\/es\/informacion-de-salud\/sintomas-del-embarazo\/"]}]},{"@type":"BreadcrumbList","@id":"https:\/\/lifechoicepc.com\/es\/informacion-de-salud\/sintomas-del-embarazo\/#breadcrumb","itemListElement":[{"@type":"ListItem","position":1,"name":"Home","item":"https:\/\/lifechoicepc.com\/es\/inicio\/"},{"@type":"ListItem","position":2,"name":"Informaci\u00f3n de Salud","item":"https:\/\/lifechoicepc.com\/?page_id=199"},{"@type":"ListItem","position":3,"name":"S\u00edntomas del Embarazo"}]},{"@type":"WebSite","@id":"https:\/\/lifechoicepc.com\/es\/#website","url":"https:\/\/lifechoicepc.com\/es\/","name":"Pregnancy &amp; Family Resource Center","description":"Your Life. Your Choice. We will help.","publisher":{"@id":"https:\/\/lifechoicepc.com\/es\/#organization"},"potentialAction":[{"@type":"SearchAction","target":{"@type":"EntryPoint","urlTemplate":"https:\/\/lifechoicepc.com\/es\/?s={search_term_string}"},"query-input":"required name=search_term_string"}],"inLanguage":"es-MX"},{"@type":"Organization","@id":"https:\/\/lifechoicepc.com\/es\/#organization","name":"San Bernardino Pregnancy & Family Resource Center","url":"https:\/\/lifechoicepc.com\/es\/","logo":{"@type":"ImageObject","inLanguage":"es-MX","@id":"https:\/\/lifechoicepc.com\/es\/#\/schema\/logo\/image\/","url":"https:\/\/lifechoicepc.com\/wp-content\/uploads\/2023\/06\/cropped-LCPC-logo-horz-sm.png","contentUrl":"https:\/\/lifechoicepc.com\/wp-content\/uploads\/2023\/06\/cropped-LCPC-logo-horz-sm.png","width":2793,"height":898,"caption":"San Bernardino Pregnancy & Family Resource Center"},"image":{"@id":"https:\/\/lifechoicepc.com\/es\/#\/schema\/logo\/image\/"}}]}},"_links":{"self":[{"href":"https:\/\/lifechoicepc.com\/es\/wp-json\/wp\/v2\/pages\/231"}],"collection":[{"href":"https:\/\/lifechoicepc.com\/es\/wp-json\/wp\/v2\/pages"}],"about":[{"href":"https:\/\/lifechoicepc.com\/es\/wp-json\/wp\/v2\/types\/page"}],"author":[{"embeddable":true,"href":"https:\/\/lifechoicepc.com\/es\/wp-json\/wp\/v2\/users\/8"}],"replies":[{"embeddable":true,"href":"https:\/\/lifechoicepc.com\/es\/wp-json\/wp\/v2\/comments?post=231"}],"version-history":[{"count":3,"href":"https:\/\/lifechoicepc.com\/es\/wp-json\/wp\/v2\/pages\/231\/revisions"}],"predecessor-version":[{"id":297,"href":"https:\/\/lifechoicepc.com\/es\/wp-json\/wp\/v2\/pages\/231\/revisions\/297"}],"up":[{"embeddable":true,"href":"https:\/\/lifechoicepc.com\/es\/wp-json\/wp\/v2\/pages\/199"}],"wp:attachment":[{"href":"https:\/\/lifechoicepc.com\/es\/wp-json\/wp\/v2\/media?parent=231"}],"curies":[{"name":"wp","href":"https:\/\/api.w.org\/{rel}","templated":true}]}}