{"id":237,"date":"2020-01-14T21:45:11","date_gmt":"2020-01-14T21:45:11","guid":{"rendered":"http:\/\/sbpregnancychoices.com\/?page_id=237"},"modified":"2020-01-17T00:48:28","modified_gmt":"2020-01-17T00:48:28","slug":"pildora-de-reversion-de-aborto","status":"publish","type":"page","link":"https:\/\/lifechoicepc.com\/es\/informacion-de-salud\/pildora-de-reversion-de-aborto\/","title":{"rendered":"P\u00edldora de Reversi\u00f3n de Aborto"},"content":{"rendered":"<p><img loading=\"lazy\" decoding=\"async\" class=\"aligncenter wp-image-313 size-full\" src=\"http:\/\/sbpregnancychoices.com\/wp-content\/uploads\/2020\/01\/abortion_info1.jpg\" alt=\"\" width=\"1000\" height=\"667\" srcset=\"https:\/\/lifechoicepc.com\/wp-content\/uploads\/2020\/01\/abortion_info1.jpg 1000w, https:\/\/lifechoicepc.com\/wp-content\/uploads\/2020\/01\/abortion_info1-300x200.jpg 300w, https:\/\/lifechoicepc.com\/wp-content\/uploads\/2020\/01\/abortion_info1-768x512.jpg 768w, https:\/\/lifechoicepc.com\/wp-content\/uploads\/2020\/01\/abortion_info1-272x182.jpg 272w\" sizes=\"(max-width: 1000px) 100vw, 1000px\" \/><\/p>\n<p>Si ha cambiado de opini\u00f3n despu\u00e9s de tomar la p\u00edldora abortiva, existe la posibilidad de que pueda salvar su embarazo. Hay un ant\u00eddoto disponible para detener los efectos de la p\u00edldora abortiva. No es raro que una mujer se arrepienta despu\u00e9s de tomar la p\u00edldora abortiva. En Pregnancy &amp; Family Resource Center podemos ayudarlo a aprender todo lo que necesita saber sobre el procedimiento de reversi\u00f3n de la p\u00edldora abortiva y d\u00f3nde puede obtener la ayuda que necesita en su comunidad local.<\/p>\n<p>Aqu\u00ed hay preguntas frecuentes del sitio web de reversi\u00f3n de la p\u00edldora abortiva.<\/p>\n<h2>Preguntas M\u00e1s Frecuentes de P\u00edldora de Reversi\u00f3n de Aborto<\/h2>\n<h3>\u00bfQu\u00e9 es la reversi\u00f3n de la p\u00edldora abortiva?<\/h3>\n<p>La reversi\u00f3n de la p\u00edldora abortiva es un protocolo utilizado para revertir los efectos del proceso de aborto qu\u00edmico (aborto con medicamentos, p\u00edldora abortiva, aborto con medicamentos, RU-486) [1] [2] [3]. Para aquellos que lamentan comenzar un aborto qu\u00edmico, la reversi\u00f3n de la p\u00edldora abortiva ofrece una \u00faltima oportunidad para elegir la vida. Hay esperanza y ayuda disponible para quienes cambian de opini\u00f3n y desean continuar un embarazo en la l\u00ednea de ayuda 877.558.0333 de APR y en el sitio web.<\/p>\n<h3>\u00bfQu\u00e9 debe hacer una mujer si quiere revertir su aborto qu\u00edmico?<\/h3>\n<p>Una mujer que opta por revertir los efectos de la mifepristona y continuar su embarazo debe llamar a la l\u00ednea directa de Rescate de P\u00edldoras de Aborto 877.558.0333 o ir al sitio web de APR para comenzar un chat en vivo. El equipo de APR Healthcare est\u00e1 esperando para ayudarlo.<\/p>\n<h3>\u00bfPor qu\u00e9 se usa la progesterona?<\/h3>\n<p>La mifepristona bloquea las acciones de la progesterona al unirse a los receptores de progesterona en el \u00fatero y la placenta. La progesterona es la hormona natural en el cuerpo de una mujer que es necesaria para nutrir y mantener un embarazo. [4] Al dar progesterona extra, la esperanza es superar en n\u00famero y competir a la mifepristona para revertir los efectos de la mifepristona. [5]<\/p>\n<h3>\u00bfEs demasiado tarde para revertir la p\u00edldora abortiva?<\/h3>\n<p>Para quienes buscan la reversi\u00f3n de la p\u00edldora abortiva, el objetivo es comenzar el protocolo dentro de las 24 horas posteriores a la toma de la primera p\u00edldora abortiva, la mifepristona, tambi\u00e9n conocida como RU-486. Sin embargo, ha habido muchas reversiones exitosas cuando se inici\u00f3 el tratamiento dentro de las 72 horas de tomar la primera p\u00edldora abortiva.<\/p>\n<p>Incluso si han pasado 72 horas, llame a nuestra l\u00ednea directa\u00a0<strong>(877) 558-0333<\/strong>. Estamos aqu\u00ed para ayudar. Puede que no sea demasiado tarde.<\/p>\n<h3>La cl\u00ednica de abortos dijo que tengo que completar el aborto; \u00bfes eso cierto?<\/h3>\n<p>No, siempre es tu elecci\u00f3n cambiar de opini\u00f3n. Incluso si ha comenzado el proceso de aborto qu\u00edmico, una reversi\u00f3n puede ser una opci\u00f3n para usted.<\/p>\n<h3>\u00bfQu\u00e9 pasa si tengo calambres o manchas? \u00bfSignifica que es demasiado tarde para revertir la p\u00edldora abortiva?<\/h3>\n<p>Las manchas o sangrado son comunes durante el tratamiento de reversi\u00f3n. Es importante y seguro continuar con la progesterona incluso si experimenta manchas o sangrado a menos que se le indique lo contrario.<\/p>\n<p>Si experimenta sangrado abundante, desmayo, dolor abdominal intenso o fiebre, busque atenci\u00f3n m\u00e9dica de emergencia de inmediato. Esto podr\u00eda ser un efecto de la mifepristona y requerir\u00eda atenci\u00f3n inmediata.<\/p>\n<p>Es importante hacerse una ecograf\u00eda para confirmar que su beb\u00e9 est\u00e1 en el \u00fatero lo antes posible.<\/p>\n<h3>\u00bfQu\u00e9 pasa si quiero revertir la p\u00edldora abortiva pero he esperado demasiado? \u00bfQu\u00e9 hago entonces?<\/h3>\n<p>Por favor llame a nuestro n\u00famero de l\u00ednea directa\u00a0<strong>(877) 558-0333<\/strong>. A\u00fan puede estar embarazada. Puede que no sea demasiado tarde.<\/p>\n<h3>\u00bfQu\u00e9 pasa con las otras pastillas que me dio la cl\u00ednica de aborto?<\/h3>\n<p>El segundo medicamento se llama misoprostol o Cytotec. Su prop\u00f3sito es hacer que el \u00fatero se contraiga y expulse al beb\u00e9.<\/p>\n<p>El Misoprostol \/ Cytotec no es necesario si desea intentar revertir el aborto qu\u00edmico.<\/p>\n<p>\u00bfC\u00f3mo comienzo el proceso de reversi\u00f3n de la p\u00edldora abortiva?<\/p>\n<ul>\n<li>Llame a nuestra l\u00ednea directa\u00a0<strong>(877) 558-0333<\/strong>.<\/li>\n<li>Nuestro profesional de atenci\u00f3n m\u00e9dica de guardia le har\u00e1 algunas preguntas b\u00e1sicas para ver si es posible una reversi\u00f3n.<\/li>\n<li>El profesional de la salud lo conectar\u00e1 con un m\u00e9dico o proveedor m\u00e9dico en su \u00e1rea para comenzar el tratamiento, si esa es su elecci\u00f3n.<\/li>\n<\/ul>\n<h3>\u00bfCu\u00e1l es el tratamiento para revertir la p\u00edldora abortiva?<\/h3>\n<p>Se realizar\u00e1 una ecograf\u00eda lo antes posible para confirmar la frecuencia card\u00edaca, la colocaci\u00f3n y la fecha del embarazo.<\/p>\n<p>El m\u00e9dico u otros proveedores m\u00e9dicos recetar\u00e1n progesterona, en forma de p\u00edldora para tomar por v\u00eda oral o vaginal o posiblemente por inyecci\u00f3n intramuscular.<\/p>\n<p>El tratamiento generalmente continuar\u00e1 durante el primer trimestre del embarazo.<\/p>\n<p>&nbsp;<\/p>\n<p>\u00bfCu\u00e1l es la tasa de \u00e9xito de la reversi\u00f3n de la p\u00edldora abortiva?<\/p>\n<p>Los estudios iniciales de APR han demostrado que la APR tiene una tasa de \u00e9xito del 64-68%. Sin el tratamiento APR, la mifepristona puede no abortar el embarazo por s\u00ed sola. En otras palabras, su embarazo puede continuar incluso sin APR si decide no tomar misoprostol, el segundo medicamento para el aborto que probablemente le recet\u00f3 o le proporcion\u00f3 cuando tom\u00f3 mifepristona. Se ha demostrado que la APR aumenta las posibilidades de permitir que el embarazo contin\u00fae.<\/p>\n<p>Sin embargo, el resultado de tu intento de reversi\u00f3n particular no se puede garantizar. [6]<\/p>\n<h3>\u00bfQu\u00e9 pasa con los defectos de nacimiento? \u00bfMi beb\u00e9 va a estar bien?<\/h3>\n<p>El Colegio Estadounidense de Obstetras y Ginec\u00f3logos (ACOG) en su Bolet\u00edn de pr\u00e1ctica n\u00famero 143, marzo de 2014, afirma que: \u201cHasta la fecha no existe evidencia de un efecto teratog\u00e9nico de la mifepristona\u201d. En otras palabras, no parece que la mifepristona, RU- 486, causa defectos de nacimiento.<\/p>\n<p>La progesterona se ha usado de manera segura en el embarazo por m\u00e1s de 50 a\u00f1os. Los estudios iniciales han encontrado que la tasa de defectos de nacimiento en beb\u00e9s nacidos despu\u00e9s de la APR es menor o igual a la tasa en la poblaci\u00f3n general. Ni la mifepristona ni la progesterona est\u00e1n asociadas con defectos cong\u00e9nitos. [7] [8]<\/p>\n<h3>\u00bfCu\u00e1les son los posibles efectos secundarios de la progesterona?<\/h3>\n<p>La progesterona puede causar somnolencia, falta de energ\u00eda, aturdimiento, mareos, molestias gastrointestinales y dolores de cabeza. El aumento de la ingesta de l\u00edquidos podr\u00eda ayudar a aliviar estos s\u00edntomas.<\/p>\n<p>Es importante que siga cuidadosamente todas las instrucciones de su proveedor de APR. Si tiene alguna pregunta, comun\u00edquese con su proveedor.<\/p>\n<p>Algunos tratamientos con progesterona incluyen aceite de man\u00ed. \u00bfQu\u00e9 sucede si soy al\u00e9rgico al man\u00ed?<\/p>\n<p>Si es al\u00e9rgico al man\u00ed o al aceite de man\u00ed, notifique a su proveedor antes de comenzar la APR. La progesterona puede incluir este ingrediente, por lo que es importante que notifique a su proveedor sobre cualquiera de estas alergias antes de tomar la progesterona. Una forma alternativa de progesterona puede estar disponible para las personas con alergia.<\/p>\n<h3>\u00bfCu\u00e1nto costar\u00e1 esto?<\/h3>\n<p>Los costos del tratamiento var\u00edan seg\u00fan la progesterona utilizada. Los planes de seguro pueden cubrir el tratamiento. Las mujeres que no tienen seguro o medios financieros para pagar el tratamiento deben discutir esto con su proveedor m\u00e9dico.<\/p>\n<p>En casos de dificultades financieras, APR lo ayudar\u00e1 a encontrar formas de reducir el costo del tratamiento.<\/p>\n<h3>Aunque lamento mi decisi\u00f3n de tomar la p\u00edldora abortiva, no hay forma de que pueda mantener y criar a este beb\u00e9 solo y sin apoyo. \u00bfQu\u00e9 debo hacer?<\/h3>\n<p>Estamos aqu\u00ed para ayudar a las mujeres embarazadas y sus beb\u00e9s en desarrollo. Cont\u00e1ctenos y podemos conectarlo con el soporte que necesita para tomar la mejor decisi\u00f3n posible para usted y su beb\u00e9.<\/p>\n<p>Si cree que la crianza de los hijos podr\u00eda ser una opci\u00f3n para usted, pero le preocupa el dinero, los suministros para beb\u00e9s, el seguro o sus habilidades de crianza, puede haber ayuda local disponible.<\/p>\n<h3>Me gustar\u00eda salvar este embarazo, pero probablemente me echar\u00e1n de mi casa. \u00bfQu\u00e9 tengo que hacer?<\/h3>\n<p>Ll\u00e1menos al\u00a0<strong>(877) 558-0333<\/strong>. Le ayudaremos a encontrar los recursos que necesita para su situaci\u00f3n particular. La mayor\u00eda de las mujeres pueden necesitar un poco (o mucha) ayuda. Hay m\u00e1s de 2.000 organizaciones en los Estados Unidos, y muchas m\u00e1s en todo el mundo, que ayudan a las mujeres y las familias con cualquier cosa, desde biberones y pa\u00f1ales, hasta consultas entre pares y profesionales, e incluso alojamiento.<\/p>\n<h3>\u00bfLa p\u00edldora abortiva y la p\u00edldora del d\u00eda despu\u00e9s son lo mismo?<\/h3>\n<p>No, ellos son diferentes. La \u201cp\u00edldora del d\u00eda despu\u00e9s\u201d se comercializa como un m\u00e9todo anticonceptivo de emergencia. La preparaci\u00f3n m\u00e1s utilizada contiene un alto nivel de progestina y puede tomarse hasta 72 horas despu\u00e9s de la relaci\u00f3n sexual. Nuevos conocimientos sobre c\u00f3mo funciona dejan en claro que puede evitar la implantaci\u00f3n del embri\u00f3n humano joven en el revestimiento del \u00fatero. Este es un efecto contragestacional o abortivo, no un efecto anticonceptivo.<\/p>\n<p>La p\u00edldora abortiva, la mifepristona, se toma 70 d\u00edas (10 semanas) en un embarazo con la intenci\u00f3n de causar un aborto. Funciona bloqueando los receptores de progesterona. La progesterona es la hormona necesaria que nutre y apoya el embarazo.<\/p>\n<p>La nueva p\u00edldora del d\u00eda despu\u00e9s, Ella, es muy similar a la mifepristona en su acci\u00f3n, ya que bloquea los receptores de progesterona. Est\u00e1 aprobado por la FDA para su uso hasta cinco d\u00edas despu\u00e9s de la relaci\u00f3n sexual y tambi\u00e9n tiene efectos abortivos.<\/p>\n<h3>\u00bfSu organizaci\u00f3n proporciona la p\u00edldora abortiva a mujeres o realiza abortos quir\u00fargicos?<\/h3>\n<p>Abortion Pill Rescue brinda apoyo compasivo a las mujeres durante sus embarazos y no brinda servicios de aborto ni los deriva a ellos. Trabajamos diligentemente para proporcionar a las mujeres que buscan reversi\u00f3n informaci\u00f3n y recursos para tomar decisiones saludables para sus embarazos.<\/p>\n<h3>\u00bfAlguna organizaci\u00f3n profesional apoya la reversi\u00f3n de la p\u00edldora abortiva?<\/h3>\n<p>La Asociaci\u00f3n Estadounidense de Obstetras y Ginec\u00f3logos Pro-Vida, una organizaci\u00f3n de 2.500 miembros, apoya ofrecer la reversi\u00f3n de la p\u00edldora abortiva (APR) a las mujeres que lamentan haber iniciado el proceso de la p\u00edldora abortiva, despu\u00e9s del consentimiento informado apropiado.<\/p>\n<p><strong><a href=\"https:\/\/aaplog.org\/wp-content\/uploads\/2019\/02\/2019-AAPLOG-Statement-on-Abortion-Pill-Reversal.pdf\">&gt; Ver la declaraci\u00f3n de AAPLOG aqu\u00ed<\/a><\/strong><\/p>\n<p><strong>\u00a0<\/strong><\/p>\n<p>Hay muchos casos de mujeres que han cambiado de opini\u00f3n despu\u00e9s de tomar la p\u00edldora abortiva y han tenido un embarazo exitoso con el protocolo de reversi\u00f3n de la p\u00edldora abortiva. Entonces, si bien no est\u00e1 solo, su situaci\u00f3n es \u00fanica para usted. En [NOMBRE DE LA CL\u00cdNICA] tenemos a\u00f1os de experiencia y las respuestas que est\u00e1 buscando. Por favor cont\u00e1ctenos. Estamos aqu\u00ed para ayudarte.<\/p>\n<p>&nbsp;<\/p>\n<p><a href=\"https:\/\/proliferibbon.com\/open-source-content\/apr-faq-spanish\/#_ftnref1\" name=\"_ftn1\">[1]<\/a>\u00a0Mifeprex REMS Study Group (2017).\u00a0<a href=\"http:\/\/www.escrh.eu\/sites\/escrh.eu\/files\/nejm_23feb.pdf\">Sixteen Years of Overregulation: Time to Unburden Mifeprex<\/a>.\u00a0<em>New England Journal of Medicine<\/em>.<\/p>\n<p><a href=\"https:\/\/proliferibbon.com\/open-source-content\/apr-faq-spanish\/#_ftnref2\" name=\"_ftn2\">[2]<\/a>\u00a0Medication Abortion. Mayo Clinic Web Site.\u00a0<a href=\"https:\/\/www.mayoclinic.org\/tests-procedures\/medical-abortion\/about\/pac-20394687\">https:\/\/www.mayoclinic.org\/tests-procedures\/medical-abortion\/about\/pac-20394687<\/a>. Published July 7, 2018. Retrieved September 8, 2018.<\/p>\n<p><a href=\"https:\/\/proliferibbon.com\/open-source-content\/apr-faq-spanish\/#_ftnref3\" name=\"_ftn3\">[3]<\/a>\u00a0Medical Management of First Trimester Abortion. Clinical Management Guidelines for Obstetricians-Gynecologists Practice Bulletin. Number 143. March 2014.<\/p>\n<p><a href=\"https:\/\/proliferibbon.com\/open-source-content\/apr-faq-spanish\/#_ftnref4\" name=\"_ftn4\">[4]<\/a>\u00a0Progesterone Treatment to Help Prevent Premature Birth. March of Dimes Web Site.\u00a0<a href=\"https:\/\/www.marchofdimes.org\/complications\/progesterone-treatment-to-help-prevent-premature-birth.aspx\">https:\/\/www.marchofdimes.org\/complications\/progesterone-treatment-to-help-prevent-premature-birth.aspx<\/a>. Published 2018. Retrieved September 8, 2018.<\/p>\n<p><a href=\"https:\/\/proliferibbon.com\/open-source-content\/apr-faq-spanish\/#_ftnref5\" name=\"_ftn5\">[5]<\/a>\u00a0Hormones in Pregnancy.\u00a0<a href=\"https:\/\/www.ncbi.nlm.nih.gov\/pubmed\/23661874\">Niger Med J.<\/a>\u00a02012 Oct;53(4):179-83. doi: 10.4103\/0300-1652.107549.<\/p>\n<p><a href=\"https:\/\/proliferibbon.com\/open-source-content\/apr-faq-spanish\/#_ftnref6\" name=\"_ftn6\">[6]<\/a>Delgado, G, M.D., Condly, S. Ph.D., Davenport, M, M.D., M.S.,Tinnakornsrisuphap, T Ph.D., Mack, J., Ph.D., NP, RN,\u00a0 Khauv, V., B.S., and Zhou, P. A Case Series Detailing the Successful Reversal of the Effects of Mifepristone Using Progesterone.\u00a0<em>Issues in Law &amp; Medicine, Volume 33, Number 1, 2018<\/em><\/p>\n<p><a href=\"https:\/\/proliferibbon.com\/open-source-content\/apr-faq-spanish\/#_ftnref7\" name=\"_ftn7\">[7]<\/a>\u00a0Unleashing the power of a woman\u2019s cycle: Progesterone Support in Pregnancy. NaPro Technology Web Site.\u00a0<a href=\"https:\/\/www.naprotechnology.com\/progesterone.htm\">https:\/\/www.naprotechnology.com\/progesterone.htm<\/a>. Retrieved July 11, 2018.<\/p>\n<p><a href=\"https:\/\/proliferibbon.com\/open-source-content\/apr-faq-spanish\/#_ftnref8\" name=\"_ftn8\">[8]<\/a>\u00a0Progesterone and Pregnancy: A Vital Connection. Resolve Web Site.\u00a0<a href=\"https:\/\/resolve.org\/infertility-101\/the-female-body\/progesterone-pregnancy-vital-connection\/\">https:\/\/resolve.org\/infertility-101\/the-female-body\/progesterone-pregnancy-vital-connection\/<\/a>. Published 2018. Retrieved July 11, 2018.<\/p>","protected":false},"excerpt":{"rendered":"<p>Si ha cambiado de opini\u00f3n despu\u00e9s de tomar la p\u00edldora abortiva, existe la posibilidad de que pueda salvar su embarazo. Hay un ant\u00eddoto disponible para detener los efectos de la p\u00edldora abortiva. No es raro que una mujer se arrepienta despu\u00e9s de tomar la p\u00edldora abortiva. En Pregnancy &amp; Family Resource Center podemos ayudarlo a [&hellip;]<\/p>","protected":false},"author":8,"featured_media":0,"parent":199,"menu_order":0,"comment_status":"closed","ping_status":"closed","template":"template-custom.php","meta":{"_acf_changed":false,"footnotes":""},"acf":[],"yoast_head":"<!-- This site is optimized with the Yoast SEO plugin v20.10 - https:\/\/yoast.com\/wordpress\/plugins\/seo\/ -->\n<title>P\u00edldora de Reversi\u00f3n de Aborto - Life Choice Pregnancy Center<\/title>\n<meta name=\"robots\" content=\"index, follow, max-snippet:-1, max-image-preview:large, max-video-preview:-1\" \/>\n<link rel=\"canonical\" href=\"https:\/\/lifechoicepc.com\/es\/informacion-de-salud\/pildora-de-reversion-de-aborto\/\" \/>\n<meta property=\"og:locale\" content=\"es_MX\" \/>\n<meta property=\"og:type\" content=\"article\" \/>\n<meta property=\"og:title\" content=\"P\u00edldora de Reversi\u00f3n de Aborto - Life Choice Pregnancy Center\" \/>\n<meta property=\"og:description\" content=\"Si ha cambiado de opini\u00f3n despu\u00e9s de tomar la p\u00edldora abortiva, existe la posibilidad de que pueda salvar su embarazo. Hay un ant\u00eddoto disponible para detener los efectos de la p\u00edldora abortiva. No es raro que una mujer se arrepienta despu\u00e9s de tomar la p\u00edldora abortiva. En Pregnancy &amp; Family Resource Center podemos ayudarlo a [&hellip;]\" \/>\n<meta property=\"og:url\" content=\"https:\/\/lifechoicepc.com\/es\/informacion-de-salud\/pildora-de-reversion-de-aborto\/\" \/>\n<meta property=\"og:site_name\" content=\"Life Choice Pregnancy Center\" \/>\n<meta property=\"article:modified_time\" content=\"2020-01-17T00:48:28+00:00\" \/>\n<meta property=\"og:image\" content=\"http:\/\/sbpregnancychoices.com\/wp-content\/uploads\/2020\/01\/abortion_info1.jpg\" \/>\n<meta name=\"twitter:card\" content=\"summary_large_image\" \/>\n<script type=\"application\/ld+json\" class=\"yoast-schema-graph\">{\"@context\":\"https:\/\/schema.org\",\"@graph\":[{\"@type\":\"WebPage\",\"@id\":\"https:\/\/lifechoicepc.com\/es\/informacion-de-salud\/pildora-de-reversion-de-aborto\/\",\"url\":\"https:\/\/lifechoicepc.com\/es\/informacion-de-salud\/pildora-de-reversion-de-aborto\/\",\"name\":\"P\u00edldora de Reversi\u00f3n de Aborto - Life Choice Pregnancy Center\",\"isPartOf\":{\"@id\":\"https:\/\/lifechoicepc.com\/es\/#website\"},\"datePublished\":\"2020-01-14T21:45:11+00:00\",\"dateModified\":\"2020-01-17T00:48:28+00:00\",\"breadcrumb\":{\"@id\":\"https:\/\/lifechoicepc.com\/es\/informacion-de-salud\/pildora-de-reversion-de-aborto\/#breadcrumb\"},\"inLanguage\":\"es-MX\",\"potentialAction\":[{\"@type\":\"ReadAction\",\"target\":[\"https:\/\/lifechoicepc.com\/es\/informacion-de-salud\/pildora-de-reversion-de-aborto\/\"]}]},{\"@type\":\"BreadcrumbList\",\"@id\":\"https:\/\/lifechoicepc.com\/es\/informacion-de-salud\/pildora-de-reversion-de-aborto\/#breadcrumb\",\"itemListElement\":[{\"@type\":\"ListItem\",\"position\":1,\"name\":\"Home\",\"item\":\"https:\/\/lifechoicepc.com\/es\/inicio\/\"},{\"@type\":\"ListItem\",\"position\":2,\"name\":\"Informaci\u00f3n de Salud\",\"item\":\"https:\/\/lifechoicepc.com\/?page_id=199\"},{\"@type\":\"ListItem\",\"position\":3,\"name\":\"P\u00edldora de Reversi\u00f3n de Aborto\"}]},{\"@type\":\"WebSite\",\"@id\":\"https:\/\/lifechoicepc.com\/es\/#website\",\"url\":\"https:\/\/lifechoicepc.com\/es\/\",\"name\":\"Pregnancy &amp; Family Resource Center\",\"description\":\"Your Life. Your Choice. We will help.\",\"publisher\":{\"@id\":\"https:\/\/lifechoicepc.com\/es\/#organization\"},\"potentialAction\":[{\"@type\":\"SearchAction\",\"target\":{\"@type\":\"EntryPoint\",\"urlTemplate\":\"https:\/\/lifechoicepc.com\/es\/?s={search_term_string}\"},\"query-input\":\"required name=search_term_string\"}],\"inLanguage\":\"es-MX\"},{\"@type\":\"Organization\",\"@id\":\"https:\/\/lifechoicepc.com\/es\/#organization\",\"name\":\"San Bernardino Pregnancy & Family Resource Center\",\"url\":\"https:\/\/lifechoicepc.com\/es\/\",\"logo\":{\"@type\":\"ImageObject\",\"inLanguage\":\"es-MX\",\"@id\":\"https:\/\/lifechoicepc.com\/es\/#\/schema\/logo\/image\/\",\"url\":\"https:\/\/lifechoicepc.com\/wp-content\/uploads\/2023\/06\/cropped-LCPC-logo-horz-sm.png\",\"contentUrl\":\"https:\/\/lifechoicepc.com\/wp-content\/uploads\/2023\/06\/cropped-LCPC-logo-horz-sm.png\",\"width\":2793,\"height\":898,\"caption\":\"San Bernardino Pregnancy & Family Resource Center\"},\"image\":{\"@id\":\"https:\/\/lifechoicepc.com\/es\/#\/schema\/logo\/image\/\"}}]}<\/script>\n<!-- \/ Yoast SEO plugin. -->","yoast_head_json":{"title":"P\u00edldora de Reversi\u00f3n de Aborto - Life Choice Pregnancy Center","robots":{"index":"index","follow":"follow","max-snippet":"max-snippet:-1","max-image-preview":"max-image-preview:large","max-video-preview":"max-video-preview:-1"},"canonical":"https:\/\/lifechoicepc.com\/es\/informacion-de-salud\/pildora-de-reversion-de-aborto\/","og_locale":"es_MX","og_type":"article","og_title":"P\u00edldora de Reversi\u00f3n de Aborto - Life Choice Pregnancy Center","og_description":"Si ha cambiado de opini\u00f3n despu\u00e9s de tomar la p\u00edldora abortiva, existe la posibilidad de que pueda salvar su embarazo. Hay un ant\u00eddoto disponible para detener los efectos de la p\u00edldora abortiva. No es raro que una mujer se arrepienta despu\u00e9s de tomar la p\u00edldora abortiva. En Pregnancy &amp; Family Resource Center podemos ayudarlo a [&hellip;]","og_url":"https:\/\/lifechoicepc.com\/es\/informacion-de-salud\/pildora-de-reversion-de-aborto\/","og_site_name":"Life Choice Pregnancy Center","article_modified_time":"2020-01-17T00:48:28+00:00","og_image":[{"url":"http:\/\/sbpregnancychoices.com\/wp-content\/uploads\/2020\/01\/abortion_info1.jpg"}],"twitter_card":"summary_large_image","schema":{"@context":"https:\/\/schema.org","@graph":[{"@type":"WebPage","@id":"https:\/\/lifechoicepc.com\/es\/informacion-de-salud\/pildora-de-reversion-de-aborto\/","url":"https:\/\/lifechoicepc.com\/es\/informacion-de-salud\/pildora-de-reversion-de-aborto\/","name":"P\u00edldora de Reversi\u00f3n de Aborto - Life Choice Pregnancy Center","isPartOf":{"@id":"https:\/\/lifechoicepc.com\/es\/#website"},"datePublished":"2020-01-14T21:45:11+00:00","dateModified":"2020-01-17T00:48:28+00:00","breadcrumb":{"@id":"https:\/\/lifechoicepc.com\/es\/informacion-de-salud\/pildora-de-reversion-de-aborto\/#breadcrumb"},"inLanguage":"es-MX","potentialAction":[{"@type":"ReadAction","target":["https:\/\/lifechoicepc.com\/es\/informacion-de-salud\/pildora-de-reversion-de-aborto\/"]}]},{"@type":"BreadcrumbList","@id":"https:\/\/lifechoicepc.com\/es\/informacion-de-salud\/pildora-de-reversion-de-aborto\/#breadcrumb","itemListElement":[{"@type":"ListItem","position":1,"name":"Home","item":"https:\/\/lifechoicepc.com\/es\/inicio\/"},{"@type":"ListItem","position":2,"name":"Informaci\u00f3n de Salud","item":"https:\/\/lifechoicepc.com\/?page_id=199"},{"@type":"ListItem","position":3,"name":"P\u00edldora de Reversi\u00f3n de Aborto"}]},{"@type":"WebSite","@id":"https:\/\/lifechoicepc.com\/es\/#website","url":"https:\/\/lifechoicepc.com\/es\/","name":"Pregnancy &amp; Family Resource Center","description":"Your Life. Your Choice. We will help.","publisher":{"@id":"https:\/\/lifechoicepc.com\/es\/#organization"},"potentialAction":[{"@type":"SearchAction","target":{"@type":"EntryPoint","urlTemplate":"https:\/\/lifechoicepc.com\/es\/?s={search_term_string}"},"query-input":"required name=search_term_string"}],"inLanguage":"es-MX"},{"@type":"Organization","@id":"https:\/\/lifechoicepc.com\/es\/#organization","name":"San Bernardino Pregnancy & Family Resource Center","url":"https:\/\/lifechoicepc.com\/es\/","logo":{"@type":"ImageObject","inLanguage":"es-MX","@id":"https:\/\/lifechoicepc.com\/es\/#\/schema\/logo\/image\/","url":"https:\/\/lifechoicepc.com\/wp-content\/uploads\/2023\/06\/cropped-LCPC-logo-horz-sm.png","contentUrl":"https:\/\/lifechoicepc.com\/wp-content\/uploads\/2023\/06\/cropped-LCPC-logo-horz-sm.png","width":2793,"height":898,"caption":"San Bernardino Pregnancy & Family Resource Center"},"image":{"@id":"https:\/\/lifechoicepc.com\/es\/#\/schema\/logo\/image\/"}}]}},"_links":{"self":[{"href":"https:\/\/lifechoicepc.com\/es\/wp-json\/wp\/v2\/pages\/237"}],"collection":[{"href":"https:\/\/lifechoicepc.com\/es\/wp-json\/wp\/v2\/pages"}],"about":[{"href":"https:\/\/lifechoicepc.com\/es\/wp-json\/wp\/v2\/types\/page"}],"author":[{"embeddable":true,"href":"https:\/\/lifechoicepc.com\/es\/wp-json\/wp\/v2\/users\/8"}],"replies":[{"embeddable":true,"href":"https:\/\/lifechoicepc.com\/es\/wp-json\/wp\/v2\/comments?post=237"}],"version-history":[{"count":3,"href":"https:\/\/lifechoicepc.com\/es\/wp-json\/wp\/v2\/pages\/237\/revisions"}],"predecessor-version":[{"id":314,"href":"https:\/\/lifechoicepc.com\/es\/wp-json\/wp\/v2\/pages\/237\/revisions\/314"}],"up":[{"embeddable":true,"href":"https:\/\/lifechoicepc.com\/es\/wp-json\/wp\/v2\/pages\/199"}],"wp:attachment":[{"href":"https:\/\/lifechoicepc.com\/es\/wp-json\/wp\/v2\/media?parent=237"}],"curies":[{"name":"wp","href":"https:\/\/api.w.org\/{rel}","templated":true}]}}