{"id":240,"date":"2020-01-15T15:52:04","date_gmt":"2020-01-15T15:52:04","guid":{"rendered":"http:\/\/sbpregnancychoices.com\/?page_id=240"},"modified":"2020-01-17T00:07:56","modified_gmt":"2020-01-17T00:07:56","slug":"prueba-de-embarazo","status":"publish","type":"page","link":"https:\/\/lifechoicepc.com\/es\/servicios\/prueba-de-embarazo\/","title":{"rendered":"Prueba De Embarazo"},"content":{"rendered":"<p><img loading=\"lazy\" decoding=\"async\" class=\"aligncenter wp-image-286 size-full\" src=\"http:\/\/sbpregnancychoices.com\/wp-content\/uploads\/2020\/01\/pregnancytest1.jpg\" alt=\"\" width=\"1000\" height=\"667\" srcset=\"https:\/\/lifechoicepc.com\/wp-content\/uploads\/2020\/01\/pregnancytest1.jpg 1000w, https:\/\/lifechoicepc.com\/wp-content\/uploads\/2020\/01\/pregnancytest1-300x200.jpg 300w, https:\/\/lifechoicepc.com\/wp-content\/uploads\/2020\/01\/pregnancytest1-768x512.jpg 768w, https:\/\/lifechoicepc.com\/wp-content\/uploads\/2020\/01\/pregnancytest1-272x182.jpg 272w\" sizes=\"(max-width: 1000px) 100vw, 1000px\" \/><\/p>\n<p>Si usted piensa que puede estar embarazada su pr\u00f3ximo paso debe ser la programaci\u00f3n de una prueba de embarazo gratis de [nombre de la cl\u00ednica]. NO tiene que pasar por este proceso sola. En[nombre de la cl\u00ednica] podemos ayudarle a lidiar con los resultados, sin importar cu\u00e1les sean, de la mejor manera para usted y su situaci\u00f3n. Tenemos compasi\u00f3n por usted y queremos ayudarla en todo lo que podamos.<\/p>\n<h3>PRIMERO LO PRIMERO &#8211; \u00bfEstoy embarazada?<\/h3>\n<p>Si cree que puede estar embarazada, es importante saber acerca de los cambios que ocurren en su cuerpo que pueden indicar un embarazo. Recuerde que cada mujer es diferente y los signos comunes de embarazo pueden o no pertenecer a su situaci\u00f3n.<\/p>\n<p>Algunos s\u00edntomas comunes del embarazo temprano incluyen:<\/p>\n<ul>\n<li>Per\u00edodo perdido<\/li>\n<li>N\u00e1usea<\/li>\n<li>V\u00f3mitos<\/li>\n<li>Sensibilidad en los senos<\/li>\n<li>Micci\u00f3n frecuente<\/li>\n<li>Fatiga<\/li>\n<\/ul>\n<p><a href=\"https:\/\/proliferibbon.com\/open-source-content\/pregnancy-symptoms\/\">Para obtener una lista completa de los s\u00edntomas del embarazo, haga clic AQU\u00cd.<\/a><\/p>\n<p>Seg\u00fan WebMD, la \u00fanica forma de saber con certeza si est\u00e1 embarazada es &#8220;mediante una prueba de embarazo&#8221;<\/p>\n<p>En [NOMBRE DE CLINICA] podemos hacerle una prueba de embarazo GRATIS y confidencial. Cuando llame para programar una cita, responderemos sus preguntas y le brindaremos la ayuda que necesita en cada paso del camino.<\/p>\n<h3>\u00bfQu\u00e9 tan pronto debo tomar una prueba de embarazo?<\/h3>\n<p>Seg\u00fan Healthline, &#8220;debe esperar para hacerse una prueba de embarazo hasta la semana despu\u00e9s de su per\u00edodo perdido para obtener el resultado m\u00e1s preciso.<\/p>\n<p>Si no desea esperar hasta que haya perdido su per\u00edodo, debe esperar al menos una o dos semanas despu\u00e9s de haber tenido relaciones sexuales. Si est\u00e1 embarazada, su cuerpo necesita tiempo para desarrollar niveles detectables de HCG. Esto suele durar de siete a 12 d\u00edas despu\u00e9s de la implantaci\u00f3n exitosa de un \u00f3vulo.<\/p>\n<p>Puede recibir un resultado inexacto si la prueba se toma demasiado temprano en su ciclo \u201c.<\/p>\n<h3><img loading=\"lazy\" decoding=\"async\" class=\"aligncenter wp-image-288 size-full\" src=\"http:\/\/sbpregnancychoices.com\/wp-content\/uploads\/2020\/01\/pregnancytest3.jpg\" alt=\"\" width=\"1000\" height=\"664\" srcset=\"https:\/\/lifechoicepc.com\/wp-content\/uploads\/2020\/01\/pregnancytest3.jpg 1000w, https:\/\/lifechoicepc.com\/wp-content\/uploads\/2020\/01\/pregnancytest3-300x199.jpg 300w, https:\/\/lifechoicepc.com\/wp-content\/uploads\/2020\/01\/pregnancytest3-768x510.jpg 768w, https:\/\/lifechoicepc.com\/wp-content\/uploads\/2020\/01\/pregnancytest3-272x182.jpg 272w\" sizes=\"(max-width: 1000px) 100vw, 1000px\" \/>\u00bfDebo hacerme una prueba de embarazo en el hogar?<\/h3>\n<p>Seg\u00fan un art\u00edculo de estilo de vida saludable en el sitio web de la Mayo Clinic, \u201cTomar una prueba de embarazo puede ser estresante, especialmente si usted no est\u00e1 seguro de que puede confiar en los resultados. Sepa cu\u00e1ndo y c\u00f3mo hacerse una prueba de embarazo en el hogar &#8211; as\u00ed como algunos de los posibles riesgos de las pruebas en el hogar.&#8221;<\/p>\n<p>Si no est\u00e1 segura de cu\u00e1ndo es el mejor momento para realizar la prueba de embarazo en el hogar y toma la prueba demasiado pronto, usa orine diluida o haya estado tomando medicamentos para la fertilidad o medicamentos que contengan HCG, existe la posibilidad de que los resultados ser\u00e1 inexacto<\/p>\n<p>Las pruebas de embarazo en el hogar que incluyen marcas como First Response, ClincialGaurd, Clearblue, Pregmate, New Choice y Wondfo, se anuncian con un 99% de precisi\u00f3n.<\/p>\n<p>Las farmacias nacionales y las tiendas minoristas ofrecen pruebas de embarazo gen\u00e9ricas y de marca de la tienda que incluyen, Walgreen\u2019s One Step, &#8220;Target Early Results Pregnancy Test-Up&amp;Up&#8221;, &#8220;CVS Early Result Pregnancy Test&#8221; and &#8220;Wal-Mart\u2019s Equate Early Result Pregnancy Test&#8221;.<\/p>\n<p>Todas las pruebas de venta libre recomiendan que si cree que est\u00e1 embarazada debe comunicarse con su proveedor de atenci\u00f3n m\u00e9dica. Ah\u00ed es donde entra NOMBRE DE LA CL\u00cdNICA. Podemos ayudarla a confirmar su embarazo y analizar sus opciones para el futuro.<\/p>\n<h3>\u00bfC\u00f3mo funcionan las pruebas de embarazo?<\/h3>\n<h3><img loading=\"lazy\" decoding=\"async\" class=\"size-medium wp-image-287 alignright\" src=\"http:\/\/sbpregnancychoices.com\/wp-content\/uploads\/2020\/01\/pregnancytest2-300x200.jpg\" alt=\"\" width=\"300\" height=\"200\" srcset=\"https:\/\/lifechoicepc.com\/wp-content\/uploads\/2020\/01\/pregnancytest2-300x200.jpg 300w, https:\/\/lifechoicepc.com\/wp-content\/uploads\/2020\/01\/pregnancytest2-768x512.jpg 768w, https:\/\/lifechoicepc.com\/wp-content\/uploads\/2020\/01\/pregnancytest2-272x182.jpg 272w, https:\/\/lifechoicepc.com\/wp-content\/uploads\/2020\/01\/pregnancytest2.jpg 1000w\" sizes=\"(max-width: 300px) 100vw, 300px\" \/><\/h3>\n<p>Hay dos tipos b\u00e1sicos de pruebas de embarazo: la primera usa orina y se puede comprar sin receta m\u00e9dica, y la segunda prueba usa una muestra de sangre y se administra en el consultorio o cl\u00ednica de un m\u00e9dico. Ambas pruebas miden el nivel de la hormona hGC, gonadotropina cori\u00f3nica humana que indica un embarazo.<\/p>\n<div class=\"tlid-input input\">\n<div class=\"source-wrap\">\n<div class=\"input-full-height-wrapper tlid-input-full-height-wrapper\">\n<div class=\"source-input\">\n<div class=\"source-footer-wrap source-or-target-footer\">\n<div class=\"character-count tlid-character-count\">\n<div class=\"cc-ctr normal\"><span class=\"\" title=\"\">Seg\u00fan Medicinet.com, \u201cla hCG se produce cuando un \u00f3vulo fertilizado se implanta en el \u00fatero.<\/span> <span title=\"\">Esto generalmente ocurre aproximadamente seis d\u00edas despu\u00e9s de la fusi\u00f3n del \u00f3vulo y el esperma.<\/span> <span title=\"\">Pero los estudios muestran que hasta el 10 por ciento de las mujeres, la implantaci\u00f3n no ocurre hasta mucho m\u00e1s tarde, despu\u00e9s del primer d\u00eda del per\u00edodo perdido.<\/span> <span class=\"\" title=\"\">La cantidad de hCG se acumula r\u00e1pidamente en su cuerpo con cada d\u00eda que pasa embarazada \u201d.<\/span><\/div>\n<\/div>\n<\/div>\n<\/div>\n<\/div>\n<\/div>\n<\/div>\n<h3>Las pruebas cl\u00ednicas de embarazo son m\u00e1s precisas que las pruebas caseras de venta libre.<\/h3>\n<p>La raz\u00f3n principal por la que una prueba de embarazo cl\u00ednica es m\u00e1s precisa que una prueba casera de venta libre es la experiencia y la frecuencia en que la cl\u00ednica administra las pruebas. En NAME OF CLINIC hemos realizado cientos de pruebas y estamos actualizando constantemente nuestros kits para una frescura y precisi\u00f3n \u00f3ptimas.<\/p>\n<p>Hay muchas variables que conducen a lecturas inexactas de las pruebas caseras. En NAME OF CLINIC hacemos todo lo posible para eliminar esas variables para que sepa con certeza si est\u00e1 embarazada o no.<\/p>\n<p>&nbsp;<\/p>\n<p align=\"center\"><iframe loading=\"lazy\" src=\"https:\/\/www.youtube.com\/embed\/Rq_j2GOGN2s\" width=\"560\" height=\"315\" frameborder=\"0\" allowfullscreen=\"allowfullscreen\" data-mce-fragment=\"1\"><\/iframe><\/p>\n<p>&nbsp;<\/p>\n<p>1- <a href=\"https:\/\/www.webmd.com\/baby\/guide\/pregnancy-am-i-pregnant#1-2\" target=\"_blank\" rel=\"noopener\">https:\/\/www.webmd.com\/baby\/guide\/pregnancy-am-i-pregnant#1-2<\/a><\/p>\n<p>2- <a href=\"https:\/\/www.mayoclinic.org\/healthy-lifestyle\/getting-pregnant\/in-depth\/home-pregnancy-tests\/art-20047940\" target=\"_blank\" rel=\"noopener\">https:\/\/www.mayoclinic.org\/healthy-lifestyle\/getting-pregnant\/in-depth\/home-pregnancy-tests\/art-20047940<\/a><\/p>\n<p>3- <a href=\"https:\/\/www.medicinenet.com\/pregnancy_test\/article.htm#are_there_different_types_of_pregnancy_tests\" target=\"_blank\" rel=\"noopener\">https:\/\/www.medicinenet.com\/pregnancy_test\/article.htm#are_there_different_types_of_pregnancy_tests<\/a><\/p>\n<p>4- <a href=\"https:\/\/www.healthline.com\/health\/pregnancy\/five-signs-to-take-pregnancy-test#when-to-test\" target=\"_blank\" rel=\"noopener\">https:\/\/www.healthline.com\/health\/pregnancy\/five-signs-to-take-pregnancy-test#when-to-test<\/a><\/p>","protected":false},"excerpt":{"rendered":"<p>Si usted piensa que puede estar embarazada su pr\u00f3ximo paso debe ser la programaci\u00f3n de una prueba de embarazo gratis de [nombre de la cl\u00ednica]. NO tiene que pasar por este proceso sola. En[nombre de la cl\u00ednica] podemos ayudarle a lidiar con los resultados, sin importar cu\u00e1les sean, de la mejor manera para usted y [&hellip;]<\/p>","protected":false},"author":8,"featured_media":0,"parent":190,"menu_order":0,"comment_status":"closed","ping_status":"closed","template":"template-custom.php","meta":{"_acf_changed":false,"footnotes":""},"acf":[],"yoast_head":"<!-- This site is optimized with the Yoast SEO plugin v20.10 - https:\/\/yoast.com\/wordpress\/plugins\/seo\/ -->\n<title>Prueba De Embarazo - Life Choice Pregnancy Center<\/title>\n<meta name=\"robots\" content=\"index, follow, max-snippet:-1, max-image-preview:large, max-video-preview:-1\" \/>\n<link rel=\"canonical\" href=\"https:\/\/lifechoicepc.com\/es\/servicios\/prueba-de-embarazo\/\" \/>\n<meta property=\"og:locale\" content=\"es_MX\" \/>\n<meta property=\"og:type\" content=\"article\" \/>\n<meta property=\"og:title\" content=\"Prueba De Embarazo - Life Choice Pregnancy Center\" \/>\n<meta property=\"og:description\" content=\"Si usted piensa que puede estar embarazada su pr\u00f3ximo paso debe ser la programaci\u00f3n de una prueba de embarazo gratis de [nombre de la cl\u00ednica]. NO tiene que pasar por este proceso sola. En[nombre de la cl\u00ednica] podemos ayudarle a lidiar con los resultados, sin importar cu\u00e1les sean, de la mejor manera para usted y [&hellip;]\" \/>\n<meta property=\"og:url\" content=\"https:\/\/lifechoicepc.com\/es\/servicios\/prueba-de-embarazo\/\" \/>\n<meta property=\"og:site_name\" content=\"Life Choice Pregnancy Center\" \/>\n<meta property=\"article:modified_time\" content=\"2020-01-17T00:07:56+00:00\" \/>\n<meta property=\"og:image\" content=\"http:\/\/sbpregnancychoices.com\/wp-content\/uploads\/2020\/01\/pregnancytest1.jpg\" \/>\n<meta name=\"twitter:card\" content=\"summary_large_image\" \/>\n<script type=\"application\/ld+json\" class=\"yoast-schema-graph\">{\"@context\":\"https:\/\/schema.org\",\"@graph\":[{\"@type\":\"WebPage\",\"@id\":\"https:\/\/lifechoicepc.com\/es\/servicios\/prueba-de-embarazo\/\",\"url\":\"https:\/\/lifechoicepc.com\/es\/servicios\/prueba-de-embarazo\/\",\"name\":\"Prueba De Embarazo - Life Choice Pregnancy Center\",\"isPartOf\":{\"@id\":\"https:\/\/lifechoicepc.com\/es\/#website\"},\"datePublished\":\"2020-01-15T15:52:04+00:00\",\"dateModified\":\"2020-01-17T00:07:56+00:00\",\"breadcrumb\":{\"@id\":\"https:\/\/lifechoicepc.com\/es\/servicios\/prueba-de-embarazo\/#breadcrumb\"},\"inLanguage\":\"es-MX\",\"potentialAction\":[{\"@type\":\"ReadAction\",\"target\":[\"https:\/\/lifechoicepc.com\/es\/servicios\/prueba-de-embarazo\/\"]}]},{\"@type\":\"BreadcrumbList\",\"@id\":\"https:\/\/lifechoicepc.com\/es\/servicios\/prueba-de-embarazo\/#breadcrumb\",\"itemListElement\":[{\"@type\":\"ListItem\",\"position\":1,\"name\":\"Home\",\"item\":\"https:\/\/lifechoicepc.com\/es\/inicio\/\"},{\"@type\":\"ListItem\",\"position\":2,\"name\":\"Servicios\",\"item\":\"https:\/\/lifechoicepc.com\/servicios\/\"},{\"@type\":\"ListItem\",\"position\":3,\"name\":\"Prueba De Embarazo\"}]},{\"@type\":\"WebSite\",\"@id\":\"https:\/\/lifechoicepc.com\/es\/#website\",\"url\":\"https:\/\/lifechoicepc.com\/es\/\",\"name\":\"Pregnancy &amp; Family Resource Center\",\"description\":\"Your Life. Your Choice. We will help.\",\"publisher\":{\"@id\":\"https:\/\/lifechoicepc.com\/es\/#organization\"},\"potentialAction\":[{\"@type\":\"SearchAction\",\"target\":{\"@type\":\"EntryPoint\",\"urlTemplate\":\"https:\/\/lifechoicepc.com\/es\/?s={search_term_string}\"},\"query-input\":\"required name=search_term_string\"}],\"inLanguage\":\"es-MX\"},{\"@type\":\"Organization\",\"@id\":\"https:\/\/lifechoicepc.com\/es\/#organization\",\"name\":\"San Bernardino Pregnancy & Family Resource Center\",\"url\":\"https:\/\/lifechoicepc.com\/es\/\",\"logo\":{\"@type\":\"ImageObject\",\"inLanguage\":\"es-MX\",\"@id\":\"https:\/\/lifechoicepc.com\/es\/#\/schema\/logo\/image\/\",\"url\":\"https:\/\/lifechoicepc.com\/wp-content\/uploads\/2023\/06\/cropped-LCPC-logo-horz-sm.png\",\"contentUrl\":\"https:\/\/lifechoicepc.com\/wp-content\/uploads\/2023\/06\/cropped-LCPC-logo-horz-sm.png\",\"width\":2793,\"height\":898,\"caption\":\"San Bernardino Pregnancy & Family Resource Center\"},\"image\":{\"@id\":\"https:\/\/lifechoicepc.com\/es\/#\/schema\/logo\/image\/\"}}]}<\/script>\n<!-- \/ Yoast SEO plugin. -->","yoast_head_json":{"title":"Prueba De Embarazo - Life Choice Pregnancy Center","robots":{"index":"index","follow":"follow","max-snippet":"max-snippet:-1","max-image-preview":"max-image-preview:large","max-video-preview":"max-video-preview:-1"},"canonical":"https:\/\/lifechoicepc.com\/es\/servicios\/prueba-de-embarazo\/","og_locale":"es_MX","og_type":"article","og_title":"Prueba De Embarazo - Life Choice Pregnancy Center","og_description":"Si usted piensa que puede estar embarazada su pr\u00f3ximo paso debe ser la programaci\u00f3n de una prueba de embarazo gratis de [nombre de la cl\u00ednica]. NO tiene que pasar por este proceso sola. En[nombre de la cl\u00ednica] podemos ayudarle a lidiar con los resultados, sin importar cu\u00e1les sean, de la mejor manera para usted y [&hellip;]","og_url":"https:\/\/lifechoicepc.com\/es\/servicios\/prueba-de-embarazo\/","og_site_name":"Life Choice Pregnancy Center","article_modified_time":"2020-01-17T00:07:56+00:00","og_image":[{"url":"http:\/\/sbpregnancychoices.com\/wp-content\/uploads\/2020\/01\/pregnancytest1.jpg"}],"twitter_card":"summary_large_image","schema":{"@context":"https:\/\/schema.org","@graph":[{"@type":"WebPage","@id":"https:\/\/lifechoicepc.com\/es\/servicios\/prueba-de-embarazo\/","url":"https:\/\/lifechoicepc.com\/es\/servicios\/prueba-de-embarazo\/","name":"Prueba De Embarazo - Life Choice Pregnancy Center","isPartOf":{"@id":"https:\/\/lifechoicepc.com\/es\/#website"},"datePublished":"2020-01-15T15:52:04+00:00","dateModified":"2020-01-17T00:07:56+00:00","breadcrumb":{"@id":"https:\/\/lifechoicepc.com\/es\/servicios\/prueba-de-embarazo\/#breadcrumb"},"inLanguage":"es-MX","potentialAction":[{"@type":"ReadAction","target":["https:\/\/lifechoicepc.com\/es\/servicios\/prueba-de-embarazo\/"]}]},{"@type":"BreadcrumbList","@id":"https:\/\/lifechoicepc.com\/es\/servicios\/prueba-de-embarazo\/#breadcrumb","itemListElement":[{"@type":"ListItem","position":1,"name":"Home","item":"https:\/\/lifechoicepc.com\/es\/inicio\/"},{"@type":"ListItem","position":2,"name":"Servicios","item":"https:\/\/lifechoicepc.com\/servicios\/"},{"@type":"ListItem","position":3,"name":"Prueba De Embarazo"}]},{"@type":"WebSite","@id":"https:\/\/lifechoicepc.com\/es\/#website","url":"https:\/\/lifechoicepc.com\/es\/","name":"Pregnancy &amp; Family Resource Center","description":"Your Life. Your Choice. We will help.","publisher":{"@id":"https:\/\/lifechoicepc.com\/es\/#organization"},"potentialAction":[{"@type":"SearchAction","target":{"@type":"EntryPoint","urlTemplate":"https:\/\/lifechoicepc.com\/es\/?s={search_term_string}"},"query-input":"required name=search_term_string"}],"inLanguage":"es-MX"},{"@type":"Organization","@id":"https:\/\/lifechoicepc.com\/es\/#organization","name":"San Bernardino Pregnancy & Family Resource Center","url":"https:\/\/lifechoicepc.com\/es\/","logo":{"@type":"ImageObject","inLanguage":"es-MX","@id":"https:\/\/lifechoicepc.com\/es\/#\/schema\/logo\/image\/","url":"https:\/\/lifechoicepc.com\/wp-content\/uploads\/2023\/06\/cropped-LCPC-logo-horz-sm.png","contentUrl":"https:\/\/lifechoicepc.com\/wp-content\/uploads\/2023\/06\/cropped-LCPC-logo-horz-sm.png","width":2793,"height":898,"caption":"San Bernardino Pregnancy & Family Resource Center"},"image":{"@id":"https:\/\/lifechoicepc.com\/es\/#\/schema\/logo\/image\/"}}]}},"_links":{"self":[{"href":"https:\/\/lifechoicepc.com\/es\/wp-json\/wp\/v2\/pages\/240"}],"collection":[{"href":"https:\/\/lifechoicepc.com\/es\/wp-json\/wp\/v2\/pages"}],"about":[{"href":"https:\/\/lifechoicepc.com\/es\/wp-json\/wp\/v2\/types\/page"}],"author":[{"embeddable":true,"href":"https:\/\/lifechoicepc.com\/es\/wp-json\/wp\/v2\/users\/8"}],"replies":[{"embeddable":true,"href":"https:\/\/lifechoicepc.com\/es\/wp-json\/wp\/v2\/comments?post=240"}],"version-history":[{"count":3,"href":"https:\/\/lifechoicepc.com\/es\/wp-json\/wp\/v2\/pages\/240\/revisions"}],"predecessor-version":[{"id":289,"href":"https:\/\/lifechoicepc.com\/es\/wp-json\/wp\/v2\/pages\/240\/revisions\/289"}],"up":[{"embeddable":true,"href":"https:\/\/lifechoicepc.com\/es\/wp-json\/wp\/v2\/pages\/190"}],"wp:attachment":[{"href":"https:\/\/lifechoicepc.com\/es\/wp-json\/wp\/v2\/media?parent=240"}],"curies":[{"name":"wp","href":"https:\/\/api.w.org\/{rel}","templated":true}]}}